{"id":116724,"date":"2025-02-27T09:49:25","date_gmt":"2025-02-27T08:49:25","guid":{"rendered":"https:\/\/aixia.se\/careers\/elementor-116712\/"},"modified":"2025-03-14T09:57:21","modified_gmt":"2025-03-14T08:57:21","slug":"elementor-116712","status":"publish","type":"page","link":"https:\/\/aixia.se\/en\/careers\/elementor-116712\/","title":{"rendered":"IT Security Specialist"},"content":{"rendered":"\t\t<div data-elementor-type=\"wp-page\" data-elementor-id=\"116724\" class=\"elementor elementor-116724 elementor-116712\" data-elementor-post-type=\"page\">\n\t\t\t\t<div class=\"elementor-element elementor-element-7c0cbe e-con-full e-flex e-con e-parent\" data-id=\"7c0cbe\" data-element_type=\"container\" data-e-type=\"container\">\n\t\t\t\t<div class=\"elementor-element elementor-element-59170619 spacer-huge elementor-widget-divider--view-line elementor-widget elementor-widget-divider\" data-id=\"59170619\" data-element_type=\"widget\" data-e-type=\"widget\" data-widget_type=\"divider.default\">\n\t\t\t\t<div class=\"elementor-widget-container\">\n\t\t\t\t\t\t\t<div class=\"elementor-divider\">\n\t\t\t<span class=\"elementor-divider-separator\">\n\t\t\t\t\t\t<\/span>\n\t\t<\/div>\n\t\t\t\t\t\t<\/div>\n\t\t\t\t<\/div>\n\t\t\t\t<div class=\"elementor-element elementor-element-132f4698 elementor-widget elementor-widget-aixia-breadcrumbs\" data-id=\"132f4698\" data-element_type=\"widget\" data-e-type=\"widget\" data-widget_type=\"aixia-breadcrumbs.default\">\n\t\t\t\t<div class=\"elementor-widget-container\">\n\t\t\t\t\t<div class=\"section\"><div class=\"inner\"><div class=\"breadcrumb-outer\"><a href=\"https:\/\/aixia.se\/en\/\" class=\"first-crumb w-inline-block\"><div>Home<\/div><\/a><div class=\"separator\"> \\ <\/div><\/div><\/div><\/div>\t\t\t\t<\/div>\n\t\t\t\t<\/div>\n\t\t\t\t<div class=\"elementor-element elementor-element-53704622 elementor-widget elementor-widget-aixia-hero-text\" data-id=\"53704622\" data-element_type=\"widget\" data-e-type=\"widget\" data-widget_type=\"aixia-hero-text.default\">\n\t\t\t\t<div class=\"elementor-widget-container\">\n\t\t\t\t\t\r\n        <div class=\"section\">\r\n            <div class=\"inner\">\r\n                <div class=\"spacer-huge hide-mobile-portrait\"><\/div>\r\n                <div class=\"grid-third\">\r\n                    <div id=\"w-node-_71bac40f-03fe-56d7-2dba-da2ff2afed82-fe3b6cb5\">\r\n                        <h1 class=\"heading-style-h1\">IT Security Specialist<\/h1>\r\n                    <\/div>\r\n                    <div id=\"w-node-_4e332629-9e6f-5f8c-d27d-f5c56ae23581-fe3b6cb5\">\r\n                        <div class=\"_20px _1-2\">Aixia s\u00f6ker en erfaren och driven IT-s\u00e4kerhetsexpert med passion f\u00f6r infrastruktur och s\u00e4kerhet. I denna roll f\u00e5r du m\u00f6jlighet att bygga upp s\u00e4kerhetsavdelningen, leda s\u00e4kerhetsarbetet och agera teknisk expert b\u00e5de internt och f\u00f6r kunder. Perfekt f\u00f6r dig som \u00e4r en nyfiken probleml\u00f6sare och vill utmana status quo!<\/div>\r\n                    <\/div>\r\n                <\/div>\r\n                <div class=\"spacer-huge\"><\/div>\r\n            <\/div>\r\n        <\/div>\r\n\r\n    \t\t\t\t<\/div>\n\t\t\t\t<\/div>\n\t\t\t\t<\/div>\n\t\t<div class=\"elementor-element elementor-element-1d7f8a74 e-flex e-con-boxed e-con e-parent\" data-id=\"1d7f8a74\" data-element_type=\"container\" data-e-type=\"container\" data-settings=\"{&quot;background_background&quot;:&quot;classic&quot;}\">\n\t\t\t\t\t<div class=\"e-con-inner\">\n\t\t\t\t<div class=\"elementor-element elementor-element-641786c6 spacer-xlarge elementor-widget-divider--view-line elementor-widget elementor-widget-divider\" data-id=\"641786c6\" data-element_type=\"widget\" data-e-type=\"widget\" data-widget_type=\"divider.default\">\n\t\t\t\t<div class=\"elementor-widget-container\">\n\t\t\t\t\t\t\t<div class=\"elementor-divider\">\n\t\t\t<span class=\"elementor-divider-separator\">\n\t\t\t\t\t\t<\/span>\n\t\t<\/div>\n\t\t\t\t\t\t<\/div>\n\t\t\t\t<\/div>\n\t\t<div class=\"elementor-element elementor-element-3ad4fb92 e-grid e-con-boxed e-con e-child\" data-id=\"3ad4fb92\" data-element_type=\"container\" data-e-type=\"container\">\n\t\t\t\t\t<div class=\"e-con-inner\">\n\t\t<div class=\"elementor-element elementor-element-32c14197 e-con-full e-flex e-con e-child\" data-id=\"32c14197\" data-element_type=\"container\" data-e-type=\"container\">\n\t\t\t\t<div class=\"elementor-element elementor-element-3659ca3f elementor-widget elementor-widget-heading\" data-id=\"3659ca3f\" data-element_type=\"widget\" data-e-type=\"widget\" data-widget_type=\"heading.default\">\n\t\t\t\t<div class=\"elementor-widget-container\">\n\t\t\t\t\t<p class=\"elementor-heading-title elementor-size-default\">\\ About the role\n<\/p>\t\t\t\t<\/div>\n\t\t\t\t<\/div>\n\t\t\t\t<div class=\"elementor-element elementor-element-7498b312 elementor-widget elementor-widget-heading\" data-id=\"7498b312\" data-element_type=\"widget\" data-e-type=\"widget\" data-widget_type=\"heading.default\">\n\t\t\t\t<div class=\"elementor-widget-container\">\n\t\t\t\t\t<h2 class=\"elementor-heading-title elementor-size-default\">What the role will offer<\/h2>\t\t\t\t<\/div>\n\t\t\t\t<\/div>\n\t\t\t\t<div class=\"elementor-element elementor-element-2a1a0990 elementor-widget__width-initial elementor-widget elementor-widget-text-editor\" data-id=\"2a1a0990\" data-element_type=\"widget\" data-e-type=\"widget\" data-widget_type=\"text-editor.default\">\n\t\t\t\t<div class=\"elementor-widget-container\">\n\t\t\t\t\t\t\t\t\t<p>Main areas of responsibility<\/p><p> <\/p><ul><li data-start=\"30\" data-end=\"186\"><strong>Identify and eliminate security threats<\/strong> &#8211; Conduct penetration tests and vulnerability assessments to secure both our own and our customers&#8217; infrastructure.<\/li><li data-start=\"187\" data-end=\"289\"><strong>Designing and building secure IT environments<\/strong> &#8211; Creating robust and future-proof hosting and cloud platforms.<\/li><li data-start=\"290\" data-end=\"410\"><strong>Develop smart and automated security solutions<\/strong> &#8211; Take security to the next level with automation.<\/li><li data-start=\"411\" data-end=\"559\"><strong>Incident management and threat modeling<\/strong> &#8211; When threats emerge, you are the one who leads the effort to analyze, mitigate and prevent future risks.<\/li><li data-start=\"560\" data-end=\"683\"><strong>Advice and technical expertise<\/strong> &#8211; Collaborate with our sales team and act as a strategic advisor on IT security.<\/li><\/ul>\t\t\t\t\t\t\t\t<\/div>\n\t\t\t\t<\/div>\n\t\t\t\t<\/div>\n\t\t\t\t\t<\/div>\n\t\t\t\t<\/div>\n\t\t\t\t<div class=\"elementor-element elementor-element-413509d1 spacer-xlarge elementor-widget-divider--view-line elementor-widget elementor-widget-divider\" data-id=\"413509d1\" data-element_type=\"widget\" data-e-type=\"widget\" data-widget_type=\"divider.default\">\n\t\t\t\t<div class=\"elementor-widget-container\">\n\t\t\t\t\t\t\t<div class=\"elementor-divider\">\n\t\t\t<span class=\"elementor-divider-separator\">\n\t\t\t\t\t\t<\/span>\n\t\t<\/div>\n\t\t\t\t\t\t<\/div>\n\t\t\t\t<\/div>\n\t\t\t\t\t<\/div>\n\t\t\t\t<\/div>\n\t\t<div class=\"elementor-element elementor-element-6824bf2c e-flex e-con-boxed e-con e-parent\" data-id=\"6824bf2c\" data-element_type=\"container\" data-e-type=\"container\">\n\t\t\t\t\t<div class=\"e-con-inner\">\n\t\t\t\t<div class=\"elementor-element elementor-element-3d6bd165 elementor-widget elementor-widget-heading\" data-id=\"3d6bd165\" data-element_type=\"widget\" data-e-type=\"widget\" data-widget_type=\"heading.default\">\n\t\t\t\t<div class=\"elementor-widget-container\">\n\t\t\t\t\t<h2 class=\"elementor-heading-title elementor-size-default\">What we are looking for<\/h2>\t\t\t\t<\/div>\n\t\t\t\t<\/div>\n\t\t\t\t<div class=\"elementor-element elementor-element-6d3b0c0a elementor-widget elementor-widget-text-editor\" data-id=\"6d3b0c0a\" data-element_type=\"widget\" data-e-type=\"widget\" data-widget_type=\"text-editor.default\">\n\t\t\t\t<div class=\"elementor-widget-container\">\n\t\t\t\t\t\t\t\t\t<ul><li data-start=\"30\" data-end=\"160\"><strong>Technology geek and initiator<\/strong> &#8211; You love digging into technology, testing new solutions and driving security work forward.<\/li><li data-start=\"161\" data-end=\"293\"><strong>Experience in penetration testing, SOC environments and<\/strong> <strong>advanced IT security<\/strong> &#8211; You have worked with both offensive and defensive security.<\/li><li data-start=\"294\" data-end=\"400\"><strong>Knowledge of modern IT environments<\/strong> &#8211; Experience with hybrid clouds, hyperscale infrastructures and data centers.<\/li><li data-start=\"401\" data-end=\"588\"><strong>Hands-on with leading platforms<\/strong> &#8211; Knowledge of Pure Storage, Nutanix, Arista Networks, Rubrik, Nvidia, Palo Alto Networks, Microsoft, Cohesity, Vast or Lenovo is highly beneficial!<\/li><li data-start=\"589\" data-end=\"701\"><strong>Certifications? Big plus! <\/strong>  &#8211; CISSP, OSCP, CEH, CISA or equivalent is considered an advantage but not a requirement.<\/li><li data-start=\"702\" data-end=\"861\"><strong>Communicative and solution-oriented<\/strong> &#8211; You can explain complex security challenges in an understandable way to both technical and non-technical stakeholders.<\/li><\/ul>\t\t\t\t\t\t\t\t<\/div>\n\t\t\t\t<\/div>\n\t\t\t\t\t<\/div>\n\t\t\t\t<\/div>\n\t\t<div class=\"elementor-element elementor-element-26225d5e e-flex e-con-boxed e-con e-parent\" data-id=\"26225d5e\" data-element_type=\"container\" data-e-type=\"container\">\n\t\t\t\t\t<div class=\"e-con-inner\">\n\t\t<div class=\"elementor-element elementor-element-3704a456 e-con-full e-flex e-con e-child\" data-id=\"3704a456\" data-element_type=\"container\" data-e-type=\"container\">\n\t\t\t\t<div class=\"elementor-element elementor-element-58fcca57 elementor-widget elementor-widget-heading\" data-id=\"58fcca57\" data-element_type=\"widget\" data-e-type=\"widget\" data-widget_type=\"heading.default\">\n\t\t\t\t<div class=\"elementor-widget-container\">\n\t\t\t\t\t<h2 class=\"elementor-heading-title elementor-size-default\">Location and working methods<\/h2>\t\t\t\t<\/div>\n\t\t\t\t<\/div>\n\t\t\t\t<div class=\"elementor-element elementor-element-7871777 elementor-widget elementor-widget-text-editor\" data-id=\"7871777\" data-element_type=\"widget\" data-e-type=\"widget\" data-widget_type=\"text-editor.default\">\n\t\t\t\t<div class=\"elementor-widget-container\">\n\t\t\t\t\t\t\t\t\t<p>The position is based in Gothenburg, Sweden. We offer the possibility of partial remote work, but we value on-site collaboration and expect team members to be in the office a few days a week. <\/p>\t\t\t\t\t\t\t\t<\/div>\n\t\t\t\t<\/div>\n\t\t\t\t<\/div>\n\t\t<div class=\"elementor-element elementor-element-57816b5a e-con-full e-flex e-con e-child\" data-id=\"57816b5a\" data-element_type=\"container\" data-e-type=\"container\">\n\t\t\t\t<div class=\"elementor-element elementor-element-4f8a4c33 elementor-widget elementor-widget-heading\" data-id=\"4f8a4c33\" data-element_type=\"widget\" data-e-type=\"widget\" data-widget_type=\"heading.default\">\n\t\t\t\t<div class=\"elementor-widget-container\">\n\t\t\t\t\t<h2 class=\"elementor-heading-title elementor-size-default\">What we offer<\/h2>\t\t\t\t<\/div>\n\t\t\t\t<\/div>\n\t\t\t\t<div class=\"elementor-element elementor-element-23bbaa3a elementor-widget elementor-widget-text-editor\" data-id=\"23bbaa3a\" data-element_type=\"widget\" data-e-type=\"widget\" data-widget_type=\"text-editor.default\">\n\t\t\t\t<div class=\"elementor-widget-container\">\n\t\t\t\t\t\t\t\t\t<ul><li data-start=\"30\" data-end=\"141\"><strong>Build your own security department<\/strong> &#8211; Here you will have the opportunity to shape and manage security from the ground up.<\/li><li data-start=\"142\" data-end=\"243\"><strong>Unique career opportunities<\/strong> &#8211; We offer clear development paths and the opportunity to grow with us.<\/li><li data-start=\"244\" data-end=\"376\"><strong>Cutting-edge technology<\/strong> &#8211; We work with the latest technology and our strategic partners are some of the biggest names in the industry.<\/li><li data-start=\"377\" data-end=\"507\"><strong>An inspiring office<\/strong> &#8211; Our brand new office in central Gothenburg is a meeting place where innovation and collaboration are in focus.<\/li><li data-start=\"508\" data-end=\"636\"><strong>A culture of curiosity and innovation<\/strong> &#8211; We love to explore new solutions, challenge the status quo and stay ahead of threats.<\/li><\/ul>\t\t\t\t\t\t\t\t<\/div>\n\t\t\t\t<\/div>\n\t\t\t\t<\/div>\n\t\t\t\t\t<\/div>\n\t\t\t\t<\/div>\n\t\t<div class=\"elementor-element elementor-element-31c4b501 e-flex e-con-boxed e-con e-parent\" data-id=\"31c4b501\" data-element_type=\"container\" data-e-type=\"container\">\n\t\t\t\t\t<div class=\"e-con-inner\">\n\t\t\t\t\t<\/div>\n\t\t\t\t<\/div>\n\t\t<div class=\"elementor-element elementor-element-28da7658 e-flex e-con-boxed e-con e-parent\" data-id=\"28da7658\" data-element_type=\"container\" data-e-type=\"container\">\n\t\t\t\t\t<div class=\"e-con-inner\">\n\t\t\t\t<div class=\"elementor-element elementor-element-326a6279 elementor-widget elementor-widget-aixia-left-text-card\" data-id=\"326a6279\" data-element_type=\"widget\" data-e-type=\"widget\" data-widget_type=\"aixia-left-text-card.default\">\n\t\t\t\t<div class=\"elementor-widget-container\">\n\t\t\t\t\t\n        <div class=\"section\">\n            <div class=\"inner\">\n                <div class=\"a-third-grid left-text-right-image\">\n                    <div  class=\"left-part\">\n                        <div class=\"top-text\">Vill du s\u00f6ka tj\u00e4nsten?<\/div>\n\t\t\t\t\t\t<div class=\"spacer-small\"><\/div>\n                        <h2 class=\"_40px\">Skicka ans\u00f6kan till rekrytering@aixia.se<\/h2>\n                        <div class=\"spacer-medium\"><\/div>\n                        <div><\/div>\n                        \n                    <\/div>\n                    <div class=\"overflow-hidden right-part\">\n                        <img decoding=\"async\" src=\"https:\/\/aixia.se\/wp-content\/uploads\/2024\/09\/2_1_Hero_.webp\" loading=\"lazy\" id=\"w-node-_2740c014-4365-e54d-58be-2e27145e7a0d-f114f042\" alt=\"\" class=\"fullwidth-image max-height-550\">\n                    <\/div>\n                <\/div>\n            <\/div>\n        <\/div>\n\n    \t\t\t\t<\/div>\n\t\t\t\t<\/div>\n\t\t\t\t\t<\/div>\n\t\t\t\t<\/div>\n\t\t\t\t<\/div>\n\t\t","protected":false},"excerpt":{"rendered":"<p>Home IT Security Specialist Aixia s\u00f6ker en erfaren och driven IT-s\u00e4kerhetsexpert med passion f\u00f6r infrastruktur och s\u00e4kerhet. I denna roll f\u00e5r du m\u00f6jlighet att bygga upp s\u00e4kerhetsavdelningen, leda s\u00e4kerhetsarbetet och [&hellip;]<\/p>\n","protected":false},"author":9,"featured_media":0,"parent":107351,"menu_order":0,"comment_status":"closed","ping_status":"closed","template":"","meta":{"_acf_changed":false,"inline_featured_image":false,"footnotes":""},"class_list":["post-116724","page","type-page","status-publish","hentry"],"acf":[],"aioseo_notices":[],"_links":{"self":[{"href":"https:\/\/aixia.se\/en\/wp-json\/wp\/v2\/pages\/116724","targetHints":{"allow":["GET"]}}],"collection":[{"href":"https:\/\/aixia.se\/en\/wp-json\/wp\/v2\/pages"}],"about":[{"href":"https:\/\/aixia.se\/en\/wp-json\/wp\/v2\/types\/page"}],"author":[{"embeddable":true,"href":"https:\/\/aixia.se\/en\/wp-json\/wp\/v2\/users\/9"}],"replies":[{"embeddable":true,"href":"https:\/\/aixia.se\/en\/wp-json\/wp\/v2\/comments?post=116724"}],"version-history":[{"count":7,"href":"https:\/\/aixia.se\/en\/wp-json\/wp\/v2\/pages\/116724\/revisions"}],"predecessor-version":[{"id":117073,"href":"https:\/\/aixia.se\/en\/wp-json\/wp\/v2\/pages\/116724\/revisions\/117073"}],"up":[{"embeddable":true,"href":"https:\/\/aixia.se\/en\/wp-json\/wp\/v2\/pages\/107351"}],"wp:attachment":[{"href":"https:\/\/aixia.se\/en\/wp-json\/wp\/v2\/media?parent=116724"}],"curies":[{"name":"wp","href":"https:\/\/api.w.org\/{rel}","templated":true}]}}