{"id":116601,"date":"2025-01-03T11:14:57","date_gmt":"2025-01-03T10:14:57","guid":{"rendered":"https:\/\/aixia.se\/careers\/full-stack-developer\/"},"modified":"2025-04-16T11:05:44","modified_gmt":"2025-04-16T09:05:44","slug":"full-stack-developer","status":"publish","type":"page","link":"https:\/\/aixia.se\/en\/careers\/full-stack-developer\/","title":{"rendered":"Full Stack Developer"},"content":{"rendered":"\t\t<div data-elementor-type=\"wp-page\" data-elementor-id=\"116601\" class=\"elementor elementor-116601 elementor-116320\" data-elementor-post-type=\"page\">\n\t\t\t\t<div class=\"elementor-element elementor-element-647161e e-con-full e-flex e-con e-parent\" data-id=\"647161e\" data-element_type=\"container\" data-e-type=\"container\">\n\t\t\t\t<div class=\"elementor-element elementor-element-7ead4925 spacer-huge elementor-widget-divider--view-line elementor-widget elementor-widget-divider\" data-id=\"7ead4925\" data-element_type=\"widget\" data-e-type=\"widget\" data-widget_type=\"divider.default\">\n\t\t\t\t<div class=\"elementor-widget-container\">\n\t\t\t\t\t\t\t<div class=\"elementor-divider\">\n\t\t\t<span class=\"elementor-divider-separator\">\n\t\t\t\t\t\t<\/span>\n\t\t<\/div>\n\t\t\t\t\t\t<\/div>\n\t\t\t\t<\/div>\n\t\t\t\t<div class=\"elementor-element elementor-element-4951a1b1 elementor-widget elementor-widget-aixia-breadcrumbs\" data-id=\"4951a1b1\" data-element_type=\"widget\" data-e-type=\"widget\" data-widget_type=\"aixia-breadcrumbs.default\">\n\t\t\t\t<div class=\"elementor-widget-container\">\n\t\t\t\t\t<div class=\"section\"><div class=\"inner\"><div class=\"breadcrumb-outer\"><a href=\"https:\/\/aixia.se\/en\/\" class=\"first-crumb w-inline-block\"><div>Home<\/div><\/a><div class=\"separator\"> \\ <\/div><\/div><\/div><\/div>\t\t\t\t<\/div>\n\t\t\t\t<\/div>\n\t\t\t\t<div class=\"elementor-element elementor-element-54802f65 elementor-widget elementor-widget-aixia-hero-text\" data-id=\"54802f65\" data-element_type=\"widget\" data-e-type=\"widget\" data-widget_type=\"aixia-hero-text.default\">\n\t\t\t\t<div class=\"elementor-widget-container\">\n\t\t\t\t\t\r\n        <div class=\"section\">\r\n            <div class=\"inner\">\r\n                <div class=\"spacer-huge hide-mobile-portrait\"><\/div>\r\n                <div class=\"grid-third\">\r\n                    <div id=\"w-node-_71bac40f-03fe-56d7-2dba-da2ff2afed82-fe3b6cb5\">\r\n                        <h1 class=\"heading-style-h1\">Full Stack \nDeveloper<\/h1>\r\n                    <\/div>\r\n                    <div id=\"w-node-_4e332629-9e6f-5f8c-d27d-f5c56ae23581-fe3b6cb5\">\r\n                        <div class=\"_20px _1-2\">Vi s\u00f6ker en driven och skicklig Full Stack-utvecklare med stark kompetens inom Python och JavaScript, kapabel att hantera hela mjukvaruutvecklings-livscykeln. I denna roll kommer du att vara en nyckelspelare i v\u00e5rt team, samarbeta med AI-ingenj\u00f6rer och DevOps-specialister f\u00f6r att leverera h\u00f6gkvalitativa, skalbara l\u00f6sningar. Framf\u00f6r allt \u00e4r du entusiastisk \u00f6ver att bygga s\u00f6ml\u00f6sa, anv\u00e4ndarv\u00e4nliga applikationer som b\u00e5de utnyttjar och m\u00f6jligg\u00f6r kraften i AI.<\/div>\r\n                    <\/div>\r\n                <\/div>\r\n                <div class=\"spacer-huge\"><\/div>\r\n            <\/div>\r\n        <\/div>\r\n\r\n    \t\t\t\t<\/div>\n\t\t\t\t<\/div>\n\t\t\t\t<\/div>\n\t\t<div class=\"elementor-element elementor-element-24073a61 e-flex e-con-boxed e-con e-parent\" data-id=\"24073a61\" data-element_type=\"container\" data-e-type=\"container\" data-settings=\"{&quot;background_background&quot;:&quot;classic&quot;}\">\n\t\t\t\t\t<div class=\"e-con-inner\">\n\t\t\t\t<div class=\"elementor-element elementor-element-41340dc8 spacer-xlarge elementor-widget-divider--view-line elementor-widget elementor-widget-divider\" data-id=\"41340dc8\" data-element_type=\"widget\" data-e-type=\"widget\" data-widget_type=\"divider.default\">\n\t\t\t\t<div class=\"elementor-widget-container\">\n\t\t\t\t\t\t\t<div class=\"elementor-divider\">\n\t\t\t<span class=\"elementor-divider-separator\">\n\t\t\t\t\t\t<\/span>\n\t\t<\/div>\n\t\t\t\t\t\t<\/div>\n\t\t\t\t<\/div>\n\t\t<div class=\"elementor-element elementor-element-682dca28 e-grid e-con-boxed e-con e-child\" data-id=\"682dca28\" data-element_type=\"container\" data-e-type=\"container\">\n\t\t\t\t\t<div class=\"e-con-inner\">\n\t\t<div class=\"elementor-element elementor-element-3c7c6e3a e-con-full e-flex e-con e-child\" data-id=\"3c7c6e3a\" data-element_type=\"container\" data-e-type=\"container\">\n\t\t\t\t<div class=\"elementor-element elementor-element-65b44ee0 elementor-widget elementor-widget-heading\" data-id=\"65b44ee0\" data-element_type=\"widget\" data-e-type=\"widget\" data-widget_type=\"heading.default\">\n\t\t\t\t<div class=\"elementor-widget-container\">\n\t\t\t\t\t<p class=\"elementor-heading-title elementor-size-default\">\\ About the role\n<\/p>\t\t\t\t<\/div>\n\t\t\t\t<\/div>\n\t\t\t\t<div class=\"elementor-element elementor-element-744abf95 elementor-widget elementor-widget-heading\" data-id=\"744abf95\" data-element_type=\"widget\" data-e-type=\"widget\" data-widget_type=\"heading.default\">\n\t\t\t\t<div class=\"elementor-widget-container\">\n\t\t\t\t\t<h2 class=\"elementor-heading-title elementor-size-default\">What we look for in our future colleague<\/h2>\t\t\t\t<\/div>\n\t\t\t\t<\/div>\n\t\t\t\t<div class=\"elementor-element elementor-element-21a464ef elementor-widget__width-initial elementor-widget elementor-widget-text-editor\" data-id=\"21a464ef\" data-element_type=\"widget\" data-e-type=\"widget\" data-widget_type=\"text-editor.default\">\n\t\t\t\t<div class=\"elementor-widget-container\">\n\t\t\t\t\t\t\t\t\t<p>Main areas of responsibility<\/p><div> <\/div><ul><li><strong>Backend development<\/strong>: <span data-teams=\"true\">Design and implement robust backend services and APIs using Python and relevant frameworks, with a focus on integrating AI functionality.<\/span><\/li><li><strong>Front-end development<\/strong>: Develop and maintain high-quality, responsive user interfaces using JavaScript, HTML and CSS.<\/li><li><strong>API integration<\/strong>: Collaborate with teams to ensure seamless integration between front-end and back-end systems.<\/li><li><strong>Performance optimization<\/strong>: Optimize applications for maximum speed, scalability and user experience.<\/li><li><strong>UI\/UX collaboration<\/strong>: Work closely with designers to ensure technical feasibility of UI\/UX designs.<\/li><li><strong>Security implementation<\/strong>: Implement security and data protection measures.<\/li><li><strong>System architecture<\/strong>: contributing to the design and architecture of new and existing systems.<\/li><li><strong>Technological advances<\/strong>: keep up to date with new technologies and integrate them into projects.<\/li><\/ul>\t\t\t\t\t\t\t\t<\/div>\n\t\t\t\t<\/div>\n\t\t\t\t<\/div>\n\t\t\t\t\t<\/div>\n\t\t\t\t<\/div>\n\t\t\t\t<div class=\"elementor-element elementor-element-1109c10c spacer-xlarge elementor-widget-divider--view-line elementor-widget elementor-widget-divider\" data-id=\"1109c10c\" data-element_type=\"widget\" data-e-type=\"widget\" data-widget_type=\"divider.default\">\n\t\t\t\t<div class=\"elementor-widget-container\">\n\t\t\t\t\t\t\t<div class=\"elementor-divider\">\n\t\t\t<span class=\"elementor-divider-separator\">\n\t\t\t\t\t\t<\/span>\n\t\t<\/div>\n\t\t\t\t\t\t<\/div>\n\t\t\t\t<\/div>\n\t\t\t\t\t<\/div>\n\t\t\t\t<\/div>\n\t\t<div class=\"elementor-element elementor-element-7b97ca7 e-flex e-con-boxed e-con e-parent\" data-id=\"7b97ca7\" data-element_type=\"container\" data-e-type=\"container\">\n\t\t\t\t\t<div class=\"e-con-inner\">\n\t\t\t\t<div class=\"elementor-element elementor-element-31818aba elementor-widget elementor-widget-heading\" data-id=\"31818aba\" data-element_type=\"widget\" data-e-type=\"widget\" data-widget_type=\"heading.default\">\n\t\t\t\t<div class=\"elementor-widget-container\">\n\t\t\t\t\t<h2 class=\"elementor-heading-title elementor-size-default\">Desire<\/h2>\t\t\t\t<\/div>\n\t\t\t\t<\/div>\n\t\t\t\t<div class=\"elementor-element elementor-element-2e446e13 elementor-widget elementor-widget-text-editor\" data-id=\"2e446e13\" data-element_type=\"widget\" data-e-type=\"widget\" data-widget_type=\"text-editor.default\">\n\t\t\t\t<div class=\"elementor-widget-container\">\n\t\t\t\t\t\t\t\t\t<ul><li><strong>Mindset Over Skillset<\/strong>: We believe that the right attitude and a willingness to learn are more important than checking off all the requirements on a list. If you are passionate about development and want to grow, we want to hear from you. <\/li><li><strong>Educational background<\/strong>: Bachelor&#8217;s degree in Computer Science, Engineering or related field &#8211; or equivalent experience.<\/li><li><strong>Technical skills<\/strong>:<ul><li>Basic knowledge of <strong>Python<\/strong> and <strong>JavaScript<\/strong>.<\/li><li>Experience with backend frameworks (e.g. Flask) and frontend frameworks (e.g. Angular).<\/li><li>Knowledge of database technologies.<\/li><li>Experience with <strong>Linux<\/strong> as a development and operating platform.<\/li><li>Experience with <strong>Git<\/strong> for version management.<\/li><li><span data-teams=\"true\">Basic networking concepts (e.g. ports, firewalls, DNS) and ability to identify issues between services, containers or system environments.<\/span><\/li><\/ul><\/li><li><strong>Problem solving<\/strong>: Strong analytical skills and attention to detail.<\/li><li><strong>Teamwork<\/strong>: Good communication skills and ability to work effectively in teams.<\/li><li><strong>Adaptability<\/strong>: Ability to transform overall requirements into interactive flows and functions.<\/li><\/ul>\t\t\t\t\t\t\t\t<\/div>\n\t\t\t\t<\/div>\n\t\t\t\t<div class=\"elementor-element elementor-element-2ade8469 elementor-widget elementor-widget-heading\" data-id=\"2ade8469\" data-element_type=\"widget\" data-e-type=\"widget\" data-widget_type=\"heading.default\">\n\t\t\t\t<div class=\"elementor-widget-container\">\n\t\t\t\t\t<h2 class=\"elementor-heading-title elementor-size-default\">Additional merits<\/h2>\t\t\t\t<\/div>\n\t\t\t\t<\/div>\n\t\t\t\t<div class=\"elementor-element elementor-element-50407bd4 elementor-widget elementor-widget-text-editor\" data-id=\"50407bd4\" data-element_type=\"widget\" data-e-type=\"widget\" data-widget_type=\"text-editor.default\">\n\t\t\t\t<div class=\"elementor-widget-container\">\n\t\t\t\t\t\t\t\t\t<ul>\n<li><strong>Design tools<\/strong>: Experience with <strong>Figma<\/strong> or similar design tools.<\/li>\n<li><strong>Containerization<\/strong>: Knowledge of container technologies (e.g. <strong>Docker<\/strong>) and orchestration tools such as <strong>Kubernetes<\/strong> and <strong>Docker Swarm<\/strong>.<\/li>\n<li><strong>Databases<\/strong>: Experience with <strong>SQL<\/strong>, <strong>NoSQL<\/strong>, vector and graph databases.<\/li>\n<li><strong>DevOps practitioner<\/strong>: Understanding of <strong>CI\/CD pipelines<\/strong> and <strong>infrastructure as code<\/strong>.<\/li>\n<li><span data-teams=\"true\"><strong>Networking:<\/strong> Understanding of networks and ability to <strong>troubleshoot<\/strong> connectivity issues, both from a <strong>software<\/strong> and <strong>infrastructure perspective<\/strong>.<\/span><\/li>\n<\/ul>\t\t\t\t\t\t\t\t<\/div>\n\t\t\t\t<\/div>\n\t\t\t\t\t<\/div>\n\t\t\t\t<\/div>\n\t\t<div class=\"elementor-element elementor-element-213fc04e e-flex e-con-boxed e-con e-parent\" data-id=\"213fc04e\" data-element_type=\"container\" data-e-type=\"container\">\n\t\t\t\t\t<div class=\"e-con-inner\">\n\t\t<div class=\"elementor-element elementor-element-1686af64 e-con-full e-flex e-con e-child\" data-id=\"1686af64\" data-element_type=\"container\" data-e-type=\"container\">\n\t\t\t\t<div class=\"elementor-element elementor-element-d457b87 elementor-widget elementor-widget-heading\" data-id=\"d457b87\" data-element_type=\"widget\" data-e-type=\"widget\" data-widget_type=\"heading.default\">\n\t\t\t\t<div class=\"elementor-widget-container\">\n\t\t\t\t\t<h2 class=\"elementor-heading-title elementor-size-default\">Location and working methods<\/h2>\t\t\t\t<\/div>\n\t\t\t\t<\/div>\n\t\t\t\t<div class=\"elementor-element elementor-element-5980f605 elementor-widget elementor-widget-text-editor\" data-id=\"5980f605\" data-element_type=\"widget\" data-e-type=\"widget\" data-widget_type=\"text-editor.default\">\n\t\t\t\t<div class=\"elementor-widget-container\">\n\t\t\t\t\t\t\t\t\t<p>The position is based in Gothenburg, Sweden. We offer the possibility of partial remote work, but we value on-site collaboration and expect team members to be in the office a few days a week. <\/p>\t\t\t\t\t\t\t\t<\/div>\n\t\t\t\t<\/div>\n\t\t\t\t<\/div>\n\t\t<div class=\"elementor-element elementor-element-54342a8e e-con-full e-flex e-con e-child\" data-id=\"54342a8e\" data-element_type=\"container\" data-e-type=\"container\">\n\t\t\t\t<div class=\"elementor-element elementor-element-3cdd0b83 elementor-widget elementor-widget-heading\" data-id=\"3cdd0b83\" data-element_type=\"widget\" data-e-type=\"widget\" data-widget_type=\"heading.default\">\n\t\t\t\t<div class=\"elementor-widget-container\">\n\t\t\t\t\t<h2 class=\"elementor-heading-title elementor-size-default\">What we offer<\/h2>\t\t\t\t<\/div>\n\t\t\t\t<\/div>\n\t\t\t\t<div class=\"elementor-element elementor-element-477a26dd elementor-widget elementor-widget-text-editor\" data-id=\"477a26dd\" data-element_type=\"widget\" data-e-type=\"widget\" data-widget_type=\"text-editor.default\">\n\t\t\t\t<div class=\"elementor-widget-container\">\n\t\t\t\t\t\t\t\t\t<ul><li><strong>Pioneering Projects<\/strong>: Work on innovative projects using the latest technologies.<\/li><li><strong>Development opportunities<\/strong>: Access to continuous learning and professional development.<\/li><li><strong>Collaborative Environment<\/strong>: Be part of a team that values collaboration and knowledge sharing.<\/li><li><strong>Competitive Benefits<\/strong>: Attractive salary and a comprehensive benefits package.<\/li><\/ul>\t\t\t\t\t\t\t\t<\/div>\n\t\t\t\t<\/div>\n\t\t\t\t<\/div>\n\t\t\t\t\t<\/div>\n\t\t\t\t<\/div>\n\t\t<div class=\"elementor-element elementor-element-6d0f2f47 e-flex e-con-boxed e-con e-parent\" data-id=\"6d0f2f47\" data-element_type=\"container\" data-e-type=\"container\">\n\t\t\t\t\t<div class=\"e-con-inner\">\n\t\t\t\t<div class=\"elementor-element elementor-element-ff9e164 elementor-widget elementor-widget-heading\" data-id=\"ff9e164\" data-element_type=\"widget\" data-e-type=\"widget\" data-widget_type=\"heading.default\">\n\t\t\t\t<div class=\"elementor-widget-container\">\n\t\t\t\t\t<h2 class=\"elementor-heading-title elementor-size-default\">Why Aixia?<\/h2>\t\t\t\t<\/div>\n\t\t\t\t<\/div>\n\t\t\t\t<div class=\"elementor-element elementor-element-fc33487 elementor-widget elementor-widget-text-editor\" data-id=\"fc33487\" data-element_type=\"widget\" data-e-type=\"widget\" data-widget_type=\"text-editor.default\">\n\t\t\t\t<div class=\"elementor-widget-container\">\n\t\t\t\t\t\t\t\t\t<ul><li><strong>The right attitude is key:<\/strong> We believe that with the right attitude, anything is possible. We value passion, curiosity and a willingness to learn more than perfect skills. <\/li><li><strong>Innovative culture:<\/strong> Be part of a forward-thinking company that values innovation and creativity.<\/li><li><strong>Meaningful work:<\/strong> Contribute to projects that have a real impact on businesses and industries.<\/li><li><strong>Professional development:<\/strong> opportunities for continuous learning and career development.<\/li><li><strong>Inclusive environment:<\/strong> Join a diverse team that promotes collaboration and mutual respect.<\/li><\/ul>\t\t\t\t\t\t\t\t<\/div>\n\t\t\t\t<\/div>\n\t\t\t\t\t<\/div>\n\t\t\t\t<\/div>\n\t\t<div class=\"elementor-element elementor-element-5984defb e-flex e-con-boxed e-con e-parent\" data-id=\"5984defb\" data-element_type=\"container\" data-e-type=\"container\">\n\t\t\t\t\t<div class=\"e-con-inner\">\n\t\t\t\t<div class=\"elementor-element elementor-element-14c9d56f elementor-widget elementor-widget-aixia-left-text-card\" data-id=\"14c9d56f\" data-element_type=\"widget\" data-e-type=\"widget\" data-widget_type=\"aixia-left-text-card.default\">\n\t\t\t\t<div class=\"elementor-widget-container\">\n\t\t\t\t\t\n        <div class=\"section\">\n            <div class=\"inner\">\n                <div class=\"a-third-grid left-text-right-image\">\n                    <div  class=\"left-part\">\n                        <div class=\"top-text\">Vill du s\u00f6ka tj\u00e4nsten?<\/div>\n\t\t\t\t\t\t<div class=\"spacer-small\"><\/div>\n                        <h2 class=\"_40px\">Skicka ans\u00f6kan till rekrytering@aixia.se<\/h2>\n                        <div class=\"spacer-medium\"><\/div>\n                        <div><\/div>\n                        \n                    <\/div>\n                    <div class=\"overflow-hidden right-part\">\n                        <img decoding=\"async\" src=\"https:\/\/aixia.se\/wp-content\/uploads\/2024\/09\/2_1_Hero_.webp\" loading=\"lazy\" id=\"w-node-_2740c014-4365-e54d-58be-2e27145e7a0d-f114f042\" alt=\"\" class=\"fullwidth-image max-height-550\">\n                    <\/div>\n                <\/div>\n            <\/div>\n        <\/div>\n\n    \t\t\t\t<\/div>\n\t\t\t\t<\/div>\n\t\t\t\t\t<\/div>\n\t\t\t\t<\/div>\n\t\t<div class=\"elementor-element elementor-element-d0bdd07 e-flex e-con-boxed e-con e-parent\" data-id=\"d0bdd07\" data-element_type=\"container\" data-e-type=\"container\">\n\t\t\t\t\t<div class=\"e-con-inner\">\n\t\t\t\t\t<\/div>\n\t\t\t\t<\/div>\n\t\t\t\t<\/div>\n\t\t","protected":false},"excerpt":{"rendered":"<p>Home Full Stack Developer Vi s\u00f6ker en driven och skicklig Full Stack-utvecklare med stark kompetens inom Python och JavaScript, kapabel att hantera hela mjukvaruutvecklings-livscykeln. I denna roll kommer du att [&hellip;]<\/p>\n","protected":false},"author":9,"featured_media":0,"parent":107351,"menu_order":0,"comment_status":"closed","ping_status":"closed","template":"","meta":{"_acf_changed":false,"inline_featured_image":false,"footnotes":""},"class_list":["post-116601","page","type-page","status-publish","hentry"],"acf":[],"aioseo_notices":[],"_links":{"self":[{"href":"https:\/\/aixia.se\/en\/wp-json\/wp\/v2\/pages\/116601","targetHints":{"allow":["GET"]}}],"collection":[{"href":"https:\/\/aixia.se\/en\/wp-json\/wp\/v2\/pages"}],"about":[{"href":"https:\/\/aixia.se\/en\/wp-json\/wp\/v2\/types\/page"}],"author":[{"embeddable":true,"href":"https:\/\/aixia.se\/en\/wp-json\/wp\/v2\/users\/9"}],"replies":[{"embeddable":true,"href":"https:\/\/aixia.se\/en\/wp-json\/wp\/v2\/comments?post=116601"}],"version-history":[{"count":3,"href":"https:\/\/aixia.se\/en\/wp-json\/wp\/v2\/pages\/116601\/revisions"}],"predecessor-version":[{"id":117835,"href":"https:\/\/aixia.se\/en\/wp-json\/wp\/v2\/pages\/116601\/revisions\/117835"}],"up":[{"embeddable":true,"href":"https:\/\/aixia.se\/en\/wp-json\/wp\/v2\/pages\/107351"}],"wp:attachment":[{"href":"https:\/\/aixia.se\/en\/wp-json\/wp\/v2\/media?parent=116601"}],"curies":[{"name":"wp","href":"https:\/\/api.w.org\/{rel}","templated":true}]}}