{"id":116598,"date":"2025-01-02T14:30:06","date_gmt":"2025-01-02T13:30:06","guid":{"rendered":"https:\/\/aixia.se\/careers\/devops-engineer\/"},"modified":"2025-02-20T09:07:46","modified_gmt":"2025-02-20T08:07:46","slug":"devops-engineer","status":"publish","type":"page","link":"https:\/\/aixia.se\/en\/careers\/devops-engineer\/","title":{"rendered":"DevOps Engineer"},"content":{"rendered":"\t\t<div data-elementor-type=\"wp-page\" data-elementor-id=\"116598\" class=\"elementor elementor-116598 elementor-116195\" data-elementor-post-type=\"page\">\n\t\t\t\t<div class=\"elementor-element elementor-element-7a600137 e-con-full e-flex e-con e-parent\" data-id=\"7a600137\" data-element_type=\"container\" data-e-type=\"container\">\n\t\t\t\t<div class=\"elementor-element elementor-element-7a9f4602 spacer-huge elementor-widget-divider--view-line elementor-widget elementor-widget-divider\" data-id=\"7a9f4602\" data-element_type=\"widget\" data-e-type=\"widget\" data-widget_type=\"divider.default\">\n\t\t\t\t<div class=\"elementor-widget-container\">\n\t\t\t\t\t\t\t<div class=\"elementor-divider\">\n\t\t\t<span class=\"elementor-divider-separator\">\n\t\t\t\t\t\t<\/span>\n\t\t<\/div>\n\t\t\t\t\t\t<\/div>\n\t\t\t\t<\/div>\n\t\t\t\t<div class=\"elementor-element elementor-element-911c680 elementor-widget elementor-widget-aixia-breadcrumbs\" data-id=\"911c680\" data-element_type=\"widget\" data-e-type=\"widget\" data-widget_type=\"aixia-breadcrumbs.default\">\n\t\t\t\t<div class=\"elementor-widget-container\">\n\t\t\t\t\t<div class=\"section\"><div class=\"inner\"><div class=\"breadcrumb-outer\"><a href=\"https:\/\/aixia.se\/en\/\" class=\"first-crumb w-inline-block\"><div>Home<\/div><\/a><div class=\"separator\"> \\ <\/div><\/div><\/div><\/div>\t\t\t\t<\/div>\n\t\t\t\t<\/div>\n\t\t\t\t<div class=\"elementor-element elementor-element-588366c7 elementor-widget elementor-widget-aixia-hero-text\" data-id=\"588366c7\" data-element_type=\"widget\" data-e-type=\"widget\" data-widget_type=\"aixia-hero-text.default\">\n\t\t\t\t<div class=\"elementor-widget-container\">\n\t\t\t\t\t\r\n        <div class=\"section\">\r\n            <div class=\"inner\">\r\n                <div class=\"spacer-huge hide-mobile-portrait\"><\/div>\r\n                <div class=\"grid-third\">\r\n                    <div id=\"w-node-_71bac40f-03fe-56d7-2dba-da2ff2afed82-fe3b6cb5\">\r\n                        <h1 class=\"heading-style-h1\">DevOps Engineer<\/h1>\r\n                    <\/div>\r\n                    <div id=\"w-node-_4e332629-9e6f-5f8c-d27d-f5c56ae23581-fe3b6cb5\">\r\n                        <div class=\"_20px _1-2\">Vi s\u00f6ker en passionerad DevOps Engineer som brinner f\u00f6r att automatisera och optimera! Med expertis inom Linux, containerisering och molntj\u00e4nster f\u00e5r du en nyckelroll i att st\u00e4rka v\u00e5ra system och driva innovation fram\u00e5t. \u00c4r du redo att ta n\u00e4sta steg?<\/div>\r\n                    <\/div>\r\n                <\/div>\r\n                <div class=\"spacer-huge\"><\/div>\r\n            <\/div>\r\n        <\/div>\r\n\r\n    \t\t\t\t<\/div>\n\t\t\t\t<\/div>\n\t\t\t\t<\/div>\n\t\t<div class=\"elementor-element elementor-element-7178b9d7 e-flex e-con-boxed e-con e-parent\" data-id=\"7178b9d7\" data-element_type=\"container\" data-e-type=\"container\" data-settings=\"{&quot;background_background&quot;:&quot;classic&quot;}\">\n\t\t\t\t\t<div class=\"e-con-inner\">\n\t\t\t\t<div class=\"elementor-element elementor-element-1159bcf2 spacer-xlarge elementor-widget-divider--view-line elementor-widget elementor-widget-divider\" data-id=\"1159bcf2\" data-element_type=\"widget\" data-e-type=\"widget\" data-widget_type=\"divider.default\">\n\t\t\t\t<div class=\"elementor-widget-container\">\n\t\t\t\t\t\t\t<div class=\"elementor-divider\">\n\t\t\t<span class=\"elementor-divider-separator\">\n\t\t\t\t\t\t<\/span>\n\t\t<\/div>\n\t\t\t\t\t\t<\/div>\n\t\t\t\t<\/div>\n\t\t<div class=\"elementor-element elementor-element-408e40c2 e-grid e-con-boxed e-con e-child\" data-id=\"408e40c2\" data-element_type=\"container\" data-e-type=\"container\">\n\t\t\t\t\t<div class=\"e-con-inner\">\n\t\t<div class=\"elementor-element elementor-element-78506d08 e-con-full e-flex e-con e-child\" data-id=\"78506d08\" data-element_type=\"container\" data-e-type=\"container\">\n\t\t\t\t<div class=\"elementor-element elementor-element-73a5dce elementor-widget elementor-widget-heading\" data-id=\"73a5dce\" data-element_type=\"widget\" data-e-type=\"widget\" data-widget_type=\"heading.default\">\n\t\t\t\t<div class=\"elementor-widget-container\">\n\t\t\t\t\t<p class=\"elementor-heading-title elementor-size-default\">\\ About the role\n<\/p>\t\t\t\t<\/div>\n\t\t\t\t<\/div>\n\t\t\t\t<div class=\"elementor-element elementor-element-687d0d85 elementor-widget elementor-widget-heading\" data-id=\"687d0d85\" data-element_type=\"widget\" data-e-type=\"widget\" data-widget_type=\"heading.default\">\n\t\t\t\t<div class=\"elementor-widget-container\">\n\t\t\t\t\t<h2 class=\"elementor-heading-title elementor-size-default\">What we look for in our future colleague<\/h2>\t\t\t\t<\/div>\n\t\t\t\t<\/div>\n\t\t\t\t<div class=\"elementor-element elementor-element-49ddf75a elementor-widget__width-initial elementor-widget elementor-widget-text-editor\" data-id=\"49ddf75a\" data-element_type=\"widget\" data-e-type=\"widget\" data-widget_type=\"text-editor.default\">\n\t\t\t\t<div class=\"elementor-widget-container\">\n\t\t\t\t\t\t\t\t\t<p>Main areas of responsibility<\/p>\n<div> <\/div>\n<ul>\n<li><strong>CI\/CD management<\/strong>: Responsible for continuous integration and continuous delivery pipelines, and automate the software delivery process.<\/li>\n<li><strong>Deployment Optimization<\/strong>: Monitor, troubleshoot, and optimize deployments in Docker Swarm and Kubernetes environments.<\/li>\n<li><strong>System reliability<\/strong>: Ensuring system reliability and efficiency through automation and infrastructure optimization.<\/li>\n<li><strong>Processes<\/strong>: Work closely with development teams to streamline development, testing and deployment processes.<\/li>\n<li><strong>Security implementation<\/strong>: Implement and maintain security policies and procedures.<\/li>\n<li><strong>Infrastructure as Code<\/strong>: Using tools like Ansible and Terraform for infrastructure provisioning and configuration management.<\/li>\n<li><strong>Monitoring<\/strong>: Setting up and maintaining monitoring and logging systems to proactively identify and solve problems.<\/li>\n<\/ul>\t\t\t\t\t\t\t\t<\/div>\n\t\t\t\t<\/div>\n\t\t\t\t<\/div>\n\t\t\t\t\t<\/div>\n\t\t\t\t<\/div>\n\t\t\t\t<div class=\"elementor-element elementor-element-786019d1 spacer-xlarge elementor-widget-divider--view-line elementor-widget elementor-widget-divider\" data-id=\"786019d1\" data-element_type=\"widget\" data-e-type=\"widget\" data-widget_type=\"divider.default\">\n\t\t\t\t<div class=\"elementor-widget-container\">\n\t\t\t\t\t\t\t<div class=\"elementor-divider\">\n\t\t\t<span class=\"elementor-divider-separator\">\n\t\t\t\t\t\t<\/span>\n\t\t<\/div>\n\t\t\t\t\t\t<\/div>\n\t\t\t\t<\/div>\n\t\t\t\t\t<\/div>\n\t\t\t\t<\/div>\n\t\t<div class=\"elementor-element elementor-element-2d0383b e-flex e-con-boxed e-con e-parent\" data-id=\"2d0383b\" data-element_type=\"container\" data-e-type=\"container\">\n\t\t\t\t\t<div class=\"e-con-inner\">\n\t\t\t\t<div class=\"elementor-element elementor-element-3cd6a90 elementor-widget elementor-widget-heading\" data-id=\"3cd6a90\" data-element_type=\"widget\" data-e-type=\"widget\" data-widget_type=\"heading.default\">\n\t\t\t\t<div class=\"elementor-widget-container\">\n\t\t\t\t\t<h2 class=\"elementor-heading-title elementor-size-default\">Desire<\/h2>\t\t\t\t<\/div>\n\t\t\t\t<\/div>\n\t\t\t\t<div class=\"elementor-element elementor-element-8686fb3 elementor-widget elementor-widget-text-editor\" data-id=\"8686fb3\" data-element_type=\"widget\" data-e-type=\"widget\" data-widget_type=\"text-editor.default\">\n\t\t\t\t<div class=\"elementor-widget-container\">\n\t\t\t\t\t\t\t\t\t<ul>\n<li><strong>Mindset Over Skillset<\/strong>: We value a proactive attitude and a passion for continuous improvement more than a perfect technical match. We would love if you are eager to learn and develop in DevOps. <\/li>\n<li><strong>Educational background<\/strong>: Bachelor&#8217;s degree in computer science, engineering or related field &#8211; or equivalent experience.<\/li>\n<li><strong>Technical skills<\/strong>:\n<ul>\n<li>Knowledge of Linux administration and scripting languages (e.g. Bash, Python).<\/li>\n<li>Understanding of container orchestration tools such as Docker Swarm and Kubernetes.<\/li>\n<li>Experience with automation and configuration management tools (e.g. Ansible, Terraform).<\/li>\n<li>Knowledge of cloud services (Azure, AWS or Google Cloud) and Infrastructure as Code.<\/li>\n<li>Understanding of monitoring tools for networks, servers and applications.<\/li>\n<li>Experience with Git for version control.<\/li>\n<\/ul>\n<\/li>\n<li><strong>Analytical<\/strong>: Strong analytical ability and skill in troubleshooting.<\/li>\n<li><strong>Teamwork<\/strong>: Good communication skills and ability to work effectively with cross-functional teams.<\/li>\n<\/ul>\t\t\t\t\t\t\t\t<\/div>\n\t\t\t\t<\/div>\n\t\t\t\t<div class=\"elementor-element elementor-element-974fe7f elementor-widget elementor-widget-heading\" data-id=\"974fe7f\" data-element_type=\"widget\" data-e-type=\"widget\" data-widget_type=\"heading.default\">\n\t\t\t\t<div class=\"elementor-widget-container\">\n\t\t\t\t\t<h2 class=\"elementor-heading-title elementor-size-default\">Additional merits<\/h2>\t\t\t\t<\/div>\n\t\t\t\t<\/div>\n\t\t\t\t<div class=\"elementor-element elementor-element-7fac660 elementor-widget elementor-widget-text-editor\" data-id=\"7fac660\" data-element_type=\"widget\" data-e-type=\"widget\" data-widget_type=\"text-editor.default\">\n\t\t\t\t<div class=\"elementor-widget-container\">\n\t\t\t\t\t\t\t\t\t<ul>\n<li><strong>Automated testing<\/strong>: Develop and implement strategies for automated testing for both front-end and back-end applications.<\/li>\n<li><strong>Development<\/strong>: Background and understanding of code and its execution, especially Python, is highly desirable.<\/li>\n<\/ul>\n\t\t\t\t\t\t\t\t<\/div>\n\t\t\t\t<\/div>\n\t\t\t\t\t<\/div>\n\t\t\t\t<\/div>\n\t\t<div class=\"elementor-element elementor-element-ef68959 e-flex e-con-boxed e-con e-parent\" data-id=\"ef68959\" data-element_type=\"container\" data-e-type=\"container\">\n\t\t\t\t\t<div class=\"e-con-inner\">\n\t\t<div class=\"elementor-element elementor-element-641fefd e-con-full e-flex e-con e-child\" data-id=\"641fefd\" data-element_type=\"container\" data-e-type=\"container\">\n\t\t\t\t<div class=\"elementor-element elementor-element-2ae51b0 elementor-widget elementor-widget-heading\" data-id=\"2ae51b0\" data-element_type=\"widget\" data-e-type=\"widget\" data-widget_type=\"heading.default\">\n\t\t\t\t<div class=\"elementor-widget-container\">\n\t\t\t\t\t<h2 class=\"elementor-heading-title elementor-size-default\">Location and working methods<\/h2>\t\t\t\t<\/div>\n\t\t\t\t<\/div>\n\t\t\t\t<div class=\"elementor-element elementor-element-d72459c elementor-widget elementor-widget-text-editor\" data-id=\"d72459c\" data-element_type=\"widget\" data-e-type=\"widget\" data-widget_type=\"text-editor.default\">\n\t\t\t\t<div class=\"elementor-widget-container\">\n\t\t\t\t\t\t\t\t\t<p>The position is based in Gothenburg, Sweden. We offer the possibility of partial remote work, but we value on-site collaboration and expect team members to be in the office a few days a week. <\/p>\n\t\t\t\t\t\t\t\t<\/div>\n\t\t\t\t<\/div>\n\t\t\t\t<\/div>\n\t\t<div class=\"elementor-element elementor-element-57e67db e-con-full e-flex e-con e-child\" data-id=\"57e67db\" data-element_type=\"container\" data-e-type=\"container\">\n\t\t\t\t<div class=\"elementor-element elementor-element-8f2b202 elementor-widget elementor-widget-heading\" data-id=\"8f2b202\" data-element_type=\"widget\" data-e-type=\"widget\" data-widget_type=\"heading.default\">\n\t\t\t\t<div class=\"elementor-widget-container\">\n\t\t\t\t\t<h2 class=\"elementor-heading-title elementor-size-default\">What we offer<\/h2>\t\t\t\t<\/div>\n\t\t\t\t<\/div>\n\t\t\t\t<div class=\"elementor-element elementor-element-0a7139a elementor-widget elementor-widget-text-editor\" data-id=\"0a7139a\" data-element_type=\"widget\" data-e-type=\"widget\" data-widget_type=\"text-editor.default\">\n\t\t\t\t<div class=\"elementor-widget-container\">\n\t\t\t\t\t\t\t\t\t<ul>\n<li><strong>Pioneering Projects<\/strong>: Work on innovative projects using the latest technologies.<\/li>\n<li><strong>Development opportunities<\/strong>: Access to continuous learning and professional development.<\/li>\n<li><strong>Collaborative Environment<\/strong>: Be part of a team that values collaboration and knowledge sharing.<\/li>\n<li><strong>Competitive Benefits<\/strong>: Attractive salary and a comprehensive benefits package.<\/li>\n<\/ul>\n\t\t\t\t\t\t\t\t<\/div>\n\t\t\t\t<\/div>\n\t\t\t\t<\/div>\n\t\t\t\t\t<\/div>\n\t\t\t\t<\/div>\n\t\t<div class=\"elementor-element elementor-element-7e6337f e-flex e-con-boxed e-con e-parent\" data-id=\"7e6337f\" data-element_type=\"container\" data-e-type=\"container\">\n\t\t\t\t\t<div class=\"e-con-inner\">\n\t\t\t\t<div class=\"elementor-element elementor-element-8ebbd91 elementor-widget elementor-widget-heading\" data-id=\"8ebbd91\" data-element_type=\"widget\" data-e-type=\"widget\" data-widget_type=\"heading.default\">\n\t\t\t\t<div class=\"elementor-widget-container\">\n\t\t\t\t\t<h2 class=\"elementor-heading-title elementor-size-default\">Why Aixia?<\/h2>\t\t\t\t<\/div>\n\t\t\t\t<\/div>\n\t\t\t\t<div class=\"elementor-element elementor-element-f432db5 elementor-widget elementor-widget-text-editor\" data-id=\"f432db5\" data-element_type=\"widget\" data-e-type=\"widget\" data-widget_type=\"text-editor.default\">\n\t\t\t\t<div class=\"elementor-widget-container\">\n\t\t\t\t\t\t\t\t\t<ul>\n<li><strong>The right attitude is key<\/strong>: We believe that with the right attitude, anything is possible. We value passion, curiosity and a willingness to learn more than perfect skills. <\/li>\n<li><strong>Innovative culture<\/strong>: Be part of a forward-thinking company that values innovation and creativity.<\/li>\n<li><strong>Meaningful work<\/strong>: Contribute to projects that have a real impact on businesses and industries.<\/li>\n<li><strong>Professional development<\/strong>: opportunities for continuous learning and career development.<\/li>\n<li><strong>Inclusive environment<\/strong>: Join a diverse team that promotes collaboration and mutual respect.<\/li>\n<\/ul>\t\t\t\t\t\t\t\t<\/div>\n\t\t\t\t<\/div>\n\t\t\t\t\t<\/div>\n\t\t\t\t<\/div>\n\t\t<div class=\"elementor-element elementor-element-7d765af e-flex e-con-boxed e-con e-parent\" data-id=\"7d765af\" data-element_type=\"container\" data-e-type=\"container\">\n\t\t\t\t\t<div class=\"e-con-inner\">\n\t\t\t\t<div class=\"elementor-element elementor-element-ea6d39b elementor-widget elementor-widget-aixia-left-text-card\" data-id=\"ea6d39b\" data-element_type=\"widget\" data-e-type=\"widget\" data-widget_type=\"aixia-left-text-card.default\">\n\t\t\t\t<div class=\"elementor-widget-container\">\n\t\t\t\t\t\n        <div class=\"section\">\n            <div class=\"inner\">\n                <div class=\"a-third-grid left-text-right-image\">\n                    <div  class=\"left-part\">\n                        <div class=\"top-text\">Vill du s\u00f6ka tj\u00e4nsten?<\/div>\n\t\t\t\t\t\t<div class=\"spacer-small\"><\/div>\n                        <h2 class=\"_40px\">Skicka ans\u00f6kan till rekrytering@aixia.se<\/h2>\n                        <div class=\"spacer-medium\"><\/div>\n                        <div><\/div>\n                        \n                    <\/div>\n                    <div class=\"overflow-hidden right-part\">\n                        <img decoding=\"async\" src=\"https:\/\/aixia.se\/wp-content\/uploads\/2024\/09\/2_1_Hero_.webp\" loading=\"lazy\" id=\"w-node-_2740c014-4365-e54d-58be-2e27145e7a0d-f114f042\" alt=\"\" class=\"fullwidth-image max-height-550\">\n                    <\/div>\n                <\/div>\n            <\/div>\n        <\/div>\n\n    \t\t\t\t<\/div>\n\t\t\t\t<\/div>\n\t\t\t\t\t<\/div>\n\t\t\t\t<\/div>\n\t\t\t\t<\/div>\n\t\t","protected":false},"excerpt":{"rendered":"<p>Home DevOps Engineer Vi s\u00f6ker en passionerad DevOps Engineer som brinner f\u00f6r att automatisera och optimera! Med expertis inom Linux, containerisering och molntj\u00e4nster f\u00e5r du en nyckelroll i att st\u00e4rka [&hellip;]<\/p>\n","protected":false},"author":9,"featured_media":0,"parent":107351,"menu_order":0,"comment_status":"closed","ping_status":"closed","template":"","meta":{"_acf_changed":false,"inline_featured_image":false,"footnotes":""},"class_list":["post-116598","page","type-page","status-publish","hentry"],"acf":[],"aioseo_notices":[],"_links":{"self":[{"href":"https:\/\/aixia.se\/en\/wp-json\/wp\/v2\/pages\/116598","targetHints":{"allow":["GET"]}}],"collection":[{"href":"https:\/\/aixia.se\/en\/wp-json\/wp\/v2\/pages"}],"about":[{"href":"https:\/\/aixia.se\/en\/wp-json\/wp\/v2\/types\/page"}],"author":[{"embeddable":true,"href":"https:\/\/aixia.se\/en\/wp-json\/wp\/v2\/users\/9"}],"replies":[{"embeddable":true,"href":"https:\/\/aixia.se\/en\/wp-json\/wp\/v2\/comments?post=116598"}],"version-history":[{"count":2,"href":"https:\/\/aixia.se\/en\/wp-json\/wp\/v2\/pages\/116598\/revisions"}],"predecessor-version":[{"id":116600,"href":"https:\/\/aixia.se\/en\/wp-json\/wp\/v2\/pages\/116598\/revisions\/116600"}],"up":[{"embeddable":true,"href":"https:\/\/aixia.se\/en\/wp-json\/wp\/v2\/pages\/107351"}],"wp:attachment":[{"href":"https:\/\/aixia.se\/en\/wp-json\/wp\/v2\/media?parent=116598"}],"curies":[{"name":"wp","href":"https:\/\/api.w.org\/{rel}","templated":true}]}}