{"id":116588,"date":"2025-01-13T11:25:41","date_gmt":"2025-01-13T10:25:41","guid":{"rendered":"https:\/\/aixia.se\/careers\/senior-account-manager\/"},"modified":"2025-02-20T09:07:34","modified_gmt":"2025-02-20T08:07:34","slug":"senior-account-manager","status":"publish","type":"page","link":"https:\/\/aixia.se\/en\/careers\/senior-account-manager\/","title":{"rendered":"Senior Account Manager"},"content":{"rendered":"\t\t<div data-elementor-type=\"wp-page\" data-elementor-id=\"116588\" class=\"elementor elementor-116588 elementor-116415\" data-elementor-post-type=\"page\">\n\t\t\t\t<div class=\"elementor-element elementor-element-755bd863 e-con-full e-flex e-con e-parent\" data-id=\"755bd863\" data-element_type=\"container\" data-e-type=\"container\">\n\t\t\t\t<div class=\"elementor-element elementor-element-a0347d4 spacer-huge elementor-widget-divider--view-line elementor-widget elementor-widget-divider\" data-id=\"a0347d4\" data-element_type=\"widget\" data-e-type=\"widget\" data-widget_type=\"divider.default\">\n\t\t\t\t<div class=\"elementor-widget-container\">\n\t\t\t\t\t\t\t<div class=\"elementor-divider\">\n\t\t\t<span class=\"elementor-divider-separator\">\n\t\t\t\t\t\t<\/span>\n\t\t<\/div>\n\t\t\t\t\t\t<\/div>\n\t\t\t\t<\/div>\n\t\t\t\t<div class=\"elementor-element elementor-element-ea2d790 elementor-widget elementor-widget-aixia-breadcrumbs\" data-id=\"ea2d790\" data-element_type=\"widget\" data-e-type=\"widget\" data-widget_type=\"aixia-breadcrumbs.default\">\n\t\t\t\t<div class=\"elementor-widget-container\">\n\t\t\t\t\t<div class=\"section\"><div class=\"inner\"><div class=\"breadcrumb-outer\"><a href=\"https:\/\/aixia.se\/en\/\" class=\"first-crumb w-inline-block\"><div>Home<\/div><\/a><div class=\"separator\"> \\ <\/div><\/div><\/div><\/div>\t\t\t\t<\/div>\n\t\t\t\t<\/div>\n\t\t\t\t<div class=\"elementor-element elementor-element-44e66310 elementor-widget elementor-widget-aixia-hero-text\" data-id=\"44e66310\" data-element_type=\"widget\" data-e-type=\"widget\" data-widget_type=\"aixia-hero-text.default\">\n\t\t\t\t<div class=\"elementor-widget-container\">\n\t\t\t\t\t\r\n        <div class=\"section\">\r\n            <div class=\"inner\">\r\n                <div class=\"spacer-huge hide-mobile-portrait\"><\/div>\r\n                <div class=\"grid-third\">\r\n                    <div id=\"w-node-_71bac40f-03fe-56d7-2dba-da2ff2afed82-fe3b6cb5\">\r\n                        <h1 class=\"heading-style-h1\">Senior Account Manager<\/h1>\r\n                    <\/div>\r\n                    <div id=\"w-node-_4e332629-9e6f-5f8c-d27d-f5c56ae23581-fe3b6cb5\">\r\n                        <div class=\"_20px _1-2\">Vill du vara med och driva tillv\u00e4xten hos ett snabbv\u00e4xande techf\u00f6retag? \u00c4r du redo att ta n\u00e4sta steg i din karri\u00e4r och arbeta med den absolut senaste tekniken och framtidens AI-l\u00f6sningar? D\u00e5 kan detta vara m\u00f6jligheten f\u00f6r dig!<\/div>\r\n                    <\/div>\r\n                <\/div>\r\n                <div class=\"spacer-huge\"><\/div>\r\n            <\/div>\r\n        <\/div>\r\n\r\n    \t\t\t\t<\/div>\n\t\t\t\t<\/div>\n\t\t\t\t<\/div>\n\t\t<div class=\"elementor-element elementor-element-505b6686 e-flex e-con-boxed e-con e-parent\" data-id=\"505b6686\" data-element_type=\"container\" data-e-type=\"container\" data-settings=\"{&quot;background_background&quot;:&quot;classic&quot;}\">\n\t\t\t\t\t<div class=\"e-con-inner\">\n\t\t\t\t<div class=\"elementor-element elementor-element-20768645 spacer-xlarge elementor-widget-divider--view-line elementor-widget elementor-widget-divider\" data-id=\"20768645\" data-element_type=\"widget\" data-e-type=\"widget\" data-widget_type=\"divider.default\">\n\t\t\t\t<div class=\"elementor-widget-container\">\n\t\t\t\t\t\t\t<div class=\"elementor-divider\">\n\t\t\t<span class=\"elementor-divider-separator\">\n\t\t\t\t\t\t<\/span>\n\t\t<\/div>\n\t\t\t\t\t\t<\/div>\n\t\t\t\t<\/div>\n\t\t<div class=\"elementor-element elementor-element-455d3ce3 e-grid e-con-boxed e-con e-child\" data-id=\"455d3ce3\" data-element_type=\"container\" data-e-type=\"container\">\n\t\t\t\t\t<div class=\"e-con-inner\">\n\t\t<div class=\"elementor-element elementor-element-b65adb7 e-con-full e-flex e-con e-child\" data-id=\"b65adb7\" data-element_type=\"container\" data-e-type=\"container\">\n\t\t\t\t<div class=\"elementor-element elementor-element-398efd16 elementor-widget elementor-widget-heading\" data-id=\"398efd16\" data-element_type=\"widget\" data-e-type=\"widget\" data-widget_type=\"heading.default\">\n\t\t\t\t<div class=\"elementor-widget-container\">\n\t\t\t\t\t<p class=\"elementor-heading-title elementor-size-default\">\\ About the role\n<\/p>\t\t\t\t<\/div>\n\t\t\t\t<\/div>\n\t\t\t\t<div class=\"elementor-element elementor-element-1a07dfe5 elementor-widget elementor-widget-heading\" data-id=\"1a07dfe5\" data-element_type=\"widget\" data-e-type=\"widget\" data-widget_type=\"heading.default\">\n\t\t\t\t<div class=\"elementor-widget-container\">\n\t\t\t\t\t<h2 class=\"elementor-heading-title elementor-size-default\">What we look for in our future colleague<\/h2>\t\t\t\t<\/div>\n\t\t\t\t<\/div>\n\t\t\t\t<div class=\"elementor-element elementor-element-288762bf elementor-widget__width-initial elementor-widget elementor-widget-text-editor\" data-id=\"288762bf\" data-element_type=\"widget\" data-e-type=\"widget\" data-widget_type=\"text-editor.default\">\n\t\t\t\t<div class=\"elementor-widget-container\">\n\t\t\t\t\t\t\t\t\t<p>We are looking for you who have several years of experience working with service and product sales in the IT industry (B2B) and who are used to managing large strategic accounts. You have a solid understanding of how to run complex deals, often with long sales cycles and multiple decision makers involved. <\/p>\n<\/p>\n<p>We look for someone who values long-term customer relationships and understands the importance of acting as a strategic partner to your customers. You have the ability to identify and develop business opportunities, and to build trust by delivering solutions that meet customers&#8217; needs. <\/p>\n<\/p>\n<p>At Aixia, you will have the opportunity to work with the very latest technology from market-leading suppliers such as Nvidia. You will be part of projects that drive the development of AI and IT infrastructure forward &#8211; and together with our customers shape the business of the future. <\/p>\n\t\t\t\t\t\t\t\t<\/div>\n\t\t\t\t<\/div>\n\t\t\t\t<\/div>\n\t\t\t\t\t<\/div>\n\t\t\t\t<\/div>\n\t\t\t\t<div class=\"elementor-element elementor-element-373a19c8 spacer-xlarge elementor-widget-divider--view-line elementor-widget elementor-widget-divider\" data-id=\"373a19c8\" data-element_type=\"widget\" data-e-type=\"widget\" data-widget_type=\"divider.default\">\n\t\t\t\t<div class=\"elementor-widget-container\">\n\t\t\t\t\t\t\t<div class=\"elementor-divider\">\n\t\t\t<span class=\"elementor-divider-separator\">\n\t\t\t\t\t\t<\/span>\n\t\t<\/div>\n\t\t\t\t\t\t<\/div>\n\t\t\t\t<\/div>\n\t\t\t\t\t<\/div>\n\t\t\t\t<\/div>\n\t\t<div class=\"elementor-element elementor-element-271ff645 e-flex e-con-boxed e-con e-parent\" data-id=\"271ff645\" data-element_type=\"container\" data-e-type=\"container\">\n\t\t\t\t\t<div class=\"e-con-inner\">\n\t\t\t\t<div class=\"elementor-element elementor-element-5fd26d7e elementor-widget elementor-widget-heading\" data-id=\"5fd26d7e\" data-element_type=\"widget\" data-e-type=\"widget\" data-widget_type=\"heading.default\">\n\t\t\t\t<div class=\"elementor-widget-container\">\n\t\t\t\t\t<h2 class=\"elementor-heading-title elementor-size-default\">What does the role of Senior Account Manager at Aixia entail?<\/h2>\t\t\t\t<\/div>\n\t\t\t\t<\/div>\n\t\t\t\t<div class=\"elementor-element elementor-element-6c8d2294 elementor-widget elementor-widget-text-editor\" data-id=\"6c8d2294\" data-element_type=\"widget\" data-e-type=\"widget\" data-widget_type=\"text-editor.default\">\n\t\t\t\t<div class=\"elementor-widget-container\">\n\t\t\t\t\t\t\t\t\t<p>As a Senior Account Manager with us at Aixia, you will be a key player in our continued growth. You will work strategically to develop both existing and, above all, new customers, with a focus on driving complex business arrangements where our solutions in <strong>AI, IT infrastructure and managed services<\/strong> are central. <\/p>\n<\/p>\n<p>You will be responsible for the entire sales process &#8211; from identifying customer needs and creating solution proposals to negotiating and writing contracts. You will work closely with our technical team to ensure we deliver solutions that create real value for our customers. In addition, you will be an important ambassador for the Aixia brand and values.  <\/p>\n<\/p>\n<p>With us, you will have the opportunity to work at the cutting edge of technology development. Our projects range from <strong>AI-driven quality assessments and generative AI to data center solutions of the future<\/strong>. We&#8217;ll make sure you have the tools and support you need to succeed &#8211; and you&#8217;ll be part of an innovative culture that constantly strives to push the boundaries of what&#8217;s possible.  <\/p>\n\t\t\t\t\t\t\t\t<\/div>\n\t\t\t\t<\/div>\n\t\t\t\t<div class=\"elementor-element elementor-element-34943b9a elementor-widget__width-initial elementor-widget elementor-widget-heading\" data-id=\"34943b9a\" data-element_type=\"widget\" data-e-type=\"widget\" data-widget_type=\"heading.default\">\n\t\t\t\t<div class=\"elementor-widget-container\">\n\t\t\t\t\t<h2 class=\"elementor-heading-title elementor-size-default\"><h2 data-elementor-setting-key=\"title\" data-pen-placeholder=\"Skriv h\u00e4r...\">Your main responsibilities<span style=\"color: inherit;font-family: inherit;text-align: var(--text-align)\"><\/span><\/h2><\/h2>\t\t\t\t<\/div>\n\t\t\t\t<\/div>\n\t\t\t\t<div class=\"elementor-element elementor-element-3b5d0a7b elementor-widget elementor-widget-text-editor\" data-id=\"3b5d0a7b\" data-element_type=\"widget\" data-e-type=\"widget\" data-widget_type=\"text-editor.default\">\n\t\t\t\t<div class=\"elementor-widget-container\">\n\t\t\t\t\t\t\t\t\t<ul>\n<li><img fetchpriority=\"high\" decoding=\"async\" class=\"alignright wp-image-114695\" src=\"https:\/\/aixia.se\/wp-content\/uploads\/2024\/08\/1_7_Our_culture-1-300x192.webp\" alt=\"Three Aixia employees around a conference room, by a screen that says Aixia\" width=\"400\" height=\"256\" srcset=\"https:\/\/aixia.se\/wp-content\/uploads\/2024\/08\/1_7_Our_culture-1-300x192.webp 300w, https:\/\/aixia.se\/wp-content\/uploads\/2024\/08\/1_7_Our_culture-1-768x491.webp 768w, https:\/\/aixia.se\/wp-content\/uploads\/2024\/08\/1_7_Our_culture-1.webp 860w\" sizes=\"(max-width: 400px) 100vw, 400px\" \/>Strategically develop major accounts and build long-term customer relationships<\/li>\n<li>Identify new business opportunities and manage complex sales processes<\/li>\n<li>Collaborate with our technical specialists to create customized solutions<\/li>\n<li>Responsible for tender and contract management<\/li>\n<li>Drive marketing activities and strengthen Aixia&#8217;s market presence<\/li>\n<\/ul>\n\t\t\t\t\t\t\t\t<\/div>\n\t\t\t\t<\/div>\n\t\t\t\t\t<\/div>\n\t\t\t\t<\/div>\n\t\t<div class=\"elementor-element elementor-element-37b920f e-flex e-con-boxed e-con e-parent\" data-id=\"37b920f\" data-element_type=\"container\" data-e-type=\"container\">\n\t\t\t\t\t<div class=\"e-con-inner\">\n\t\t\t\t<div class=\"elementor-element elementor-element-2246b72 elementor-widget-divider--view-line elementor-widget elementor-widget-divider\" data-id=\"2246b72\" data-element_type=\"widget\" data-e-type=\"widget\" data-widget_type=\"divider.default\">\n\t\t\t\t<div class=\"elementor-widget-container\">\n\t\t\t\t\t\t\t<div class=\"elementor-divider\">\n\t\t\t<span class=\"elementor-divider-separator\">\n\t\t\t\t\t\t<\/span>\n\t\t<\/div>\n\t\t\t\t\t\t<\/div>\n\t\t\t\t<\/div>\n\t\t\t\t\t<\/div>\n\t\t\t\t<\/div>\n\t\t<div class=\"elementor-element elementor-element-15c03077 e-flex e-con-boxed e-con e-parent\" data-id=\"15c03077\" data-element_type=\"container\" data-e-type=\"container\">\n\t\t\t\t\t<div class=\"e-con-inner\">\n\t\t<div class=\"elementor-element elementor-element-34b3b8e6 e-con-full e-flex e-con e-child\" data-id=\"34b3b8e6\" data-element_type=\"container\" data-e-type=\"container\">\n\t\t\t\t<div class=\"elementor-element elementor-element-50b1232b elementor-widget elementor-widget-heading\" data-id=\"50b1232b\" data-element_type=\"widget\" data-e-type=\"widget\" data-widget_type=\"heading.default\">\n\t\t\t\t<div class=\"elementor-widget-container\">\n\t\t\t\t\t<h2 class=\"elementor-heading-title elementor-size-default\">To succeed, we believe that you<\/h2>\t\t\t\t<\/div>\n\t\t\t\t<\/div>\n\t\t\t\t<div class=\"elementor-element elementor-element-f60607d elementor-widget elementor-widget-text-editor\" data-id=\"f60607d\" data-element_type=\"widget\" data-e-type=\"widget\" data-widget_type=\"text-editor.default\">\n\t\t\t\t<div class=\"elementor-widget-container\">\n\t\t\t\t\t\t\t\t\t<ul>\n<li>Have a proven track record of working with large clients and complex business arrangements in the IT industry<\/li>\n<li>Used to dialoguing at decision-making level and navigating large organizations<\/li>\n<li>Has a strong business acumen and is skilled at understanding and communicating the value of technical solutions<\/li>\n<li>Is structured, goal-oriented and has a natural drive to exceed set goals<\/li>\n<li>Good knowledge of Swedish and English, both spoken and written<\/li>\n<li>A post-secondary education in IT, finance or equivalent experience is an advantage. We expect you to have a strong interest in technology and digital solutions <\/li>\n<\/ul>\n\t\t\t\t\t\t\t\t<\/div>\n\t\t\t\t<\/div>\n\t\t\t\t<\/div>\n\t\t<div class=\"elementor-element elementor-element-5b9e0de8 e-con-full e-flex e-con e-child\" data-id=\"5b9e0de8\" data-element_type=\"container\" data-e-type=\"container\">\n\t\t\t\t<div class=\"elementor-element elementor-element-74924e9e elementor-widget elementor-widget-heading\" data-id=\"74924e9e\" data-element_type=\"widget\" data-e-type=\"widget\" data-widget_type=\"heading.default\">\n\t\t\t\t<div class=\"elementor-widget-container\">\n\t\t\t\t\t<h2 class=\"elementor-heading-title elementor-size-default\">Why choose Aixia?<\/h2>\t\t\t\t<\/div>\n\t\t\t\t<\/div>\n\t\t\t\t<div class=\"elementor-element elementor-element-79c3d0b2 elementor-widget elementor-widget-text-editor\" data-id=\"79c3d0b2\" data-element_type=\"widget\" data-e-type=\"widget\" data-widget_type=\"text-editor.default\">\n\t\t\t\t<div class=\"elementor-widget-container\">\n\t\t\t\t\t\t\t\t\t<p>At Aixia, you will be part of a fast-growing company with great ambitions and a clear focus on the technology of the future. We offer a stimulating and innovative work environment where you get the opportunity to: <\/p>\n<ul>\n<li><strong>Work with cutting-edge technology:<\/strong> Be part of projects that make a real difference to businesses and industries, using solutions from market leaders like Nvidia, Arista and VAST Data<\/li>\n<li><strong>Develop professionally:<\/strong> We are committed to continuous learning and career development in the most exciting areas such as AI, automation and IT infrastructure<\/li>\n<li><strong>Contribute to the company&#8217;s growth:<\/strong> As a Senior Account Manager you are an important part of our success story<\/li>\n<li><strong>Work in an inclusive team:<\/strong> We value collaboration, diversity and mutual respect<\/li>\n<\/ul>\t\t\t\t\t\t\t\t<\/div>\n\t\t\t\t<\/div>\n\t\t\t\t<\/div>\n\t\t\t\t\t<\/div>\n\t\t\t\t<\/div>\n\t\t<div class=\"elementor-element elementor-element-44f1ceb e-flex e-con-boxed e-con e-parent\" data-id=\"44f1ceb\" data-element_type=\"container\" data-e-type=\"container\">\n\t\t\t\t\t<div class=\"e-con-inner\">\n\t\t\t\t<div class=\"elementor-element elementor-element-ef18008 elementor-widget elementor-widget-aixia-left-text-card\" data-id=\"ef18008\" data-element_type=\"widget\" data-e-type=\"widget\" data-widget_type=\"aixia-left-text-card.default\">\n\t\t\t\t<div class=\"elementor-widget-container\">\n\t\t\t\t\t\n        <div class=\"section\">\n            <div class=\"inner\">\n                <div class=\"a-third-grid left-text-right-image\">\n                    <div  class=\"left-part\">\n                        <div class=\"top-text\">Vill du s\u00f6ka tj\u00e4nsten?<\/div>\n\t\t\t\t\t\t<div class=\"spacer-small\"><\/div>\n                        <h2 class=\"_40px\"> Skicka ans\u00f6kan till rekrytering@aixia.se<\/h2>\n                        <div class=\"spacer-medium\"><\/div>\n                        <div><\/div>\n                        \n                    <\/div>\n                    <div class=\"overflow-hidden right-part\">\n                        <img decoding=\"async\" src=\"https:\/\/aixia.se\/wp-content\/uploads\/2024\/09\/2_1_Hero_.webp\" loading=\"lazy\" id=\"w-node-_2740c014-4365-e54d-58be-2e27145e7a0d-f114f042\" alt=\"\" class=\"fullwidth-image max-height-550\">\n                    <\/div>\n                <\/div>\n            <\/div>\n        <\/div>\n\n    \t\t\t\t<\/div>\n\t\t\t\t<\/div>\n\t\t\t\t\t<\/div>\n\t\t\t\t<\/div>\n\t\t\t\t<\/div>\n\t\t","protected":false},"excerpt":{"rendered":"<p>Home Senior Account Manager Vill du vara med och driva tillv\u00e4xten hos ett snabbv\u00e4xande techf\u00f6retag? \u00c4r du redo att ta n\u00e4sta steg i din karri\u00e4r och arbeta med den absolut [&hellip;]<\/p>\n","protected":false},"author":9,"featured_media":0,"parent":107351,"menu_order":0,"comment_status":"closed","ping_status":"closed","template":"","meta":{"_acf_changed":false,"inline_featured_image":false,"footnotes":""},"class_list":["post-116588","page","type-page","status-publish","hentry"],"acf":[],"aioseo_notices":[],"_links":{"self":[{"href":"https:\/\/aixia.se\/en\/wp-json\/wp\/v2\/pages\/116588","targetHints":{"allow":["GET"]}}],"collection":[{"href":"https:\/\/aixia.se\/en\/wp-json\/wp\/v2\/pages"}],"about":[{"href":"https:\/\/aixia.se\/en\/wp-json\/wp\/v2\/types\/page"}],"author":[{"embeddable":true,"href":"https:\/\/aixia.se\/en\/wp-json\/wp\/v2\/users\/9"}],"replies":[{"embeddable":true,"href":"https:\/\/aixia.se\/en\/wp-json\/wp\/v2\/comments?post=116588"}],"version-history":[{"count":1,"href":"https:\/\/aixia.se\/en\/wp-json\/wp\/v2\/pages\/116588\/revisions"}],"predecessor-version":[{"id":116590,"href":"https:\/\/aixia.se\/en\/wp-json\/wp\/v2\/pages\/116588\/revisions\/116590"}],"up":[{"embeddable":true,"href":"https:\/\/aixia.se\/en\/wp-json\/wp\/v2\/pages\/107351"}],"wp:attachment":[{"href":"https:\/\/aixia.se\/en\/wp-json\/wp\/v2\/media?parent=116588"}],"curies":[{"name":"wp","href":"https:\/\/api.w.org\/{rel}","templated":true}]}}