{"id":116567,"date":"2025-01-02T15:23:59","date_gmt":"2025-01-02T14:23:59","guid":{"rendered":"https:\/\/aixia.se\/careers\/testing-and-cicd-engineer\/"},"modified":"2025-02-17T16:22:39","modified_gmt":"2025-02-17T15:22:39","slug":"testing-and-cicd-engineer","status":"publish","type":"page","link":"https:\/\/aixia.se\/en\/careers\/testing-and-cicd-engineer\/","title":{"rendered":"Testing-and-CICD-Engineer"},"content":{"rendered":"\t\t<div data-elementor-type=\"wp-page\" data-elementor-id=\"116567\" class=\"elementor elementor-116567 elementor-116242\" data-elementor-post-type=\"page\">\n\t\t\t\t<div class=\"elementor-element elementor-element-324613c0 e-con-full e-flex e-con e-parent\" data-id=\"324613c0\" data-element_type=\"container\" data-e-type=\"container\">\n\t\t\t\t<div class=\"elementor-element elementor-element-e4de55b spacer-huge elementor-widget-divider--view-line elementor-widget elementor-widget-divider\" data-id=\"e4de55b\" data-element_type=\"widget\" data-e-type=\"widget\" data-widget_type=\"divider.default\">\n\t\t\t\t<div class=\"elementor-widget-container\">\n\t\t\t\t\t\t\t<div class=\"elementor-divider\">\n\t\t\t<span class=\"elementor-divider-separator\">\n\t\t\t\t\t\t<\/span>\n\t\t<\/div>\n\t\t\t\t\t\t<\/div>\n\t\t\t\t<\/div>\n\t\t\t\t<div class=\"elementor-element elementor-element-73a84633 elementor-widget elementor-widget-aixia-breadcrumbs\" data-id=\"73a84633\" data-element_type=\"widget\" data-e-type=\"widget\" data-widget_type=\"aixia-breadcrumbs.default\">\n\t\t\t\t<div class=\"elementor-widget-container\">\n\t\t\t\t\t<div class=\"section\"><div class=\"inner\"><div class=\"breadcrumb-outer\"><a href=\"https:\/\/aixia.se\/en\/\" class=\"first-crumb w-inline-block\"><div>Home<\/div><\/a><div class=\"separator\"> \\ <\/div><\/div><\/div><\/div>\t\t\t\t<\/div>\n\t\t\t\t<\/div>\n\t\t\t\t<div class=\"elementor-element elementor-element-67e28197 elementor-widget elementor-widget-aixia-hero-text\" data-id=\"67e28197\" data-element_type=\"widget\" data-e-type=\"widget\" data-widget_type=\"aixia-hero-text.default\">\n\t\t\t\t<div class=\"elementor-widget-container\">\n\t\t\t\t\t\r\n        <div class=\"section\">\r\n            <div class=\"inner\">\r\n                <div class=\"spacer-huge hide-mobile-portrait\"><\/div>\r\n                <div class=\"grid-third\">\r\n                    <div id=\"w-node-_71bac40f-03fe-56d7-2dba-da2ff2afed82-fe3b6cb5\">\r\n                        <h1 class=\"heading-style-h1\">Testing and CI\/CD Engineer <\/h1>\r\n                    <\/div>\r\n                    <div id=\"w-node-_4e332629-9e6f-5f8c-d27d-f5c56ae23581-fe3b6cb5\">\r\n                        <div class=\"_20px _1-2\">Vi s\u00f6ker en Test- och CI\/CD engineer som \u00e4r skicklig p\u00e5 att skapa automatiserade teststrategier och optimera pipelines f\u00f6r kontinuerlig integration och leverans. Den ideala kandidaten kommer att s\u00e4kerst\u00e4lla att v\u00e5ra produkter levereras med h\u00f6gsta kvalitet och effektivitet.<\/div>\r\n                    <\/div>\r\n                <\/div>\r\n                <div class=\"spacer-huge\"><\/div>\r\n            <\/div>\r\n        <\/div>\r\n\r\n    \t\t\t\t<\/div>\n\t\t\t\t<\/div>\n\t\t\t\t<\/div>\n\t\t<div class=\"elementor-element elementor-element-44e20941 e-flex e-con-boxed e-con e-parent\" data-id=\"44e20941\" data-element_type=\"container\" data-e-type=\"container\" data-settings=\"{&quot;background_background&quot;:&quot;classic&quot;}\">\n\t\t\t\t\t<div class=\"e-con-inner\">\n\t\t\t\t<div class=\"elementor-element elementor-element-753da3ef spacer-xlarge elementor-widget-divider--view-line elementor-widget elementor-widget-divider\" data-id=\"753da3ef\" data-element_type=\"widget\" data-e-type=\"widget\" data-widget_type=\"divider.default\">\n\t\t\t\t<div class=\"elementor-widget-container\">\n\t\t\t\t\t\t\t<div class=\"elementor-divider\">\n\t\t\t<span class=\"elementor-divider-separator\">\n\t\t\t\t\t\t<\/span>\n\t\t<\/div>\n\t\t\t\t\t\t<\/div>\n\t\t\t\t<\/div>\n\t\t<div class=\"elementor-element elementor-element-2b75d2c1 e-grid e-con-boxed e-con e-child\" data-id=\"2b75d2c1\" data-element_type=\"container\" data-e-type=\"container\">\n\t\t\t\t\t<div class=\"e-con-inner\">\n\t\t<div class=\"elementor-element elementor-element-58022589 e-con-full e-flex e-con e-child\" data-id=\"58022589\" data-element_type=\"container\" data-e-type=\"container\">\n\t\t\t\t<div class=\"elementor-element elementor-element-7d8691fa elementor-widget elementor-widget-heading\" data-id=\"7d8691fa\" data-element_type=\"widget\" data-e-type=\"widget\" data-widget_type=\"heading.default\">\n\t\t\t\t<div class=\"elementor-widget-container\">\n\t\t\t\t\t<p class=\"elementor-heading-title elementor-size-default\">\\ About the role\n<\/p>\t\t\t\t<\/div>\n\t\t\t\t<\/div>\n\t\t\t\t<div class=\"elementor-element elementor-element-33a12d8a elementor-widget elementor-widget-heading\" data-id=\"33a12d8a\" data-element_type=\"widget\" data-e-type=\"widget\" data-widget_type=\"heading.default\">\n\t\t\t\t<div class=\"elementor-widget-container\">\n\t\t\t\t\t<h2 class=\"elementor-heading-title elementor-size-default\">What we look for in our future colleague<\/h2>\t\t\t\t<\/div>\n\t\t\t\t<\/div>\n\t\t\t\t<div class=\"elementor-element elementor-element-bb6403d elementor-widget__width-initial elementor-widget elementor-widget-text-editor\" data-id=\"bb6403d\" data-element_type=\"widget\" data-e-type=\"widget\" data-widget_type=\"text-editor.default\">\n\t\t\t\t<div class=\"elementor-widget-container\">\n\t\t\t\t\t\t\t\t\t<p>Main areas of responsibility<\/p>\n<div> <\/div>\n<ul>\n<li><strong>Automated testing:<\/strong> Develop and implement strategies for automated testing for both front-end and back-end applications.<\/li>\n<li><strong>CI\/CD pipeline management:<\/strong> Lead the setup, optimization and maintenance of CI\/CD pipelines using tools like Azure DevOps.<\/li>\n<li><strong>Quality assurance:<\/strong> Ensure high quality and timely releases by working with development teams to identify and fix errors.<\/li>\n<li><strong>Framework improvement:<\/strong> Maintain and improve testing frameworks and tools to increase reliability and efficiency.<\/li>\n<li><strong>Process improvement:<\/strong> Continuously evaluate and improve testing processes and methods.<\/li>\n<li><strong>Documentation:<\/strong> Create and maintain documentation related to test procedures and CI\/CD processes.<\/li>\n<\/ul>\n<div> <\/div>\n\t\t\t\t\t\t\t\t<\/div>\n\t\t\t\t<\/div>\n\t\t\t\t<\/div>\n\t\t\t\t\t<\/div>\n\t\t\t\t<\/div>\n\t\t\t\t<div class=\"elementor-element elementor-element-67c52565 spacer-xlarge elementor-widget-divider--view-line elementor-widget elementor-widget-divider\" data-id=\"67c52565\" data-element_type=\"widget\" data-e-type=\"widget\" data-widget_type=\"divider.default\">\n\t\t\t\t<div class=\"elementor-widget-container\">\n\t\t\t\t\t\t\t<div class=\"elementor-divider\">\n\t\t\t<span class=\"elementor-divider-separator\">\n\t\t\t\t\t\t<\/span>\n\t\t<\/div>\n\t\t\t\t\t\t<\/div>\n\t\t\t\t<\/div>\n\t\t\t\t\t<\/div>\n\t\t\t\t<\/div>\n\t\t<div class=\"elementor-element elementor-element-fe3b005 e-flex e-con-boxed e-con e-parent\" data-id=\"fe3b005\" data-element_type=\"container\" data-e-type=\"container\">\n\t\t\t\t\t<div class=\"e-con-inner\">\n\t\t\t\t<div class=\"elementor-element elementor-element-162322ae elementor-widget elementor-widget-heading\" data-id=\"162322ae\" data-element_type=\"widget\" data-e-type=\"widget\" data-widget_type=\"heading.default\">\n\t\t\t\t<div class=\"elementor-widget-container\">\n\t\t\t\t\t<h2 class=\"elementor-heading-title elementor-size-default\">Desire<\/h2>\t\t\t\t<\/div>\n\t\t\t\t<\/div>\n\t\t\t\t<div class=\"elementor-element elementor-element-5e9e033e elementor-widget elementor-widget-text-editor\" data-id=\"5e9e033e\" data-element_type=\"widget\" data-e-type=\"widget\" data-widget_type=\"text-editor.default\">\n\t\t\t\t<div class=\"elementor-widget-container\">\n\t\t\t\t\t\t\t\t\t<ul>\n<li><strong>Mindset Over Skillset:<\/strong> We prioritize people who are enthusiastic, proactive and eager to learn. If you have a passion for testing and automation, we encourage you to apply, even if you don&#8217;t meet all the technical requirements. <\/li>\n<li><strong>Educational background:<\/strong> Bachelor&#8217;s degree in Computer Science, Engineering or related field-or equivalent experience.<\/li>\n<li><strong>Technical skills:<\/strong>\n<ul>\n<li>Familiarity with testing frameworks and tools relevant to Python (e.g. PyTest, unittest) and JavaScript (e.g. Jest, Mocha).<\/li>\n<li>Understanding of CI\/CD processes and tools such as Azure DevOps, Jenkins or GitLab CI\/CD.<\/li>\n<li>Basic knowledge of container technologies (e.g. Docker) and their use in test environments.<\/li>\n<li>Knowledge of Linux scripts and automation tools.<\/li>\n<li>Experience with Git for version management.<\/li>\n<\/ul>\n<\/li>\n<li><strong>Soft skills:<\/strong> Communication skills and ability to work effectively in teams.<\/li>\n<li><strong>Teamwork:<\/strong> Ability to work closely with development teams and contribute to a collaborative environment.<\/li>\n<\/ul>\n\t\t\t\t\t\t\t\t<\/div>\n\t\t\t\t<\/div>\n\t\t\t\t<div class=\"elementor-element elementor-element-5482a824 elementor-widget elementor-widget-heading\" data-id=\"5482a824\" data-element_type=\"widget\" data-e-type=\"widget\" data-widget_type=\"heading.default\">\n\t\t\t\t<div class=\"elementor-widget-container\">\n\t\t\t\t\t<h2 class=\"elementor-heading-title elementor-size-default\">Additional merits<\/h2>\t\t\t\t<\/div>\n\t\t\t\t<\/div>\n\t\t\t\t<div class=\"elementor-element elementor-element-57009607 elementor-widget elementor-widget-text-editor\" data-id=\"57009607\" data-element_type=\"widget\" data-e-type=\"widget\" data-widget_type=\"text-editor.default\">\n\t\t\t\t<div class=\"elementor-widget-container\">\n\t\t\t\t\t\t\t\t\t<ul>\n<li><strong>Development:<\/strong> A background and understanding of code and its execution, especially Python, is of great interest<\/li>\n<\/ul>\n\t\t\t\t\t\t\t\t<\/div>\n\t\t\t\t<\/div>\n\t\t\t\t\t<\/div>\n\t\t\t\t<\/div>\n\t\t<div class=\"elementor-element elementor-element-72cba41d e-flex e-con-boxed e-con e-parent\" data-id=\"72cba41d\" data-element_type=\"container\" data-e-type=\"container\">\n\t\t\t\t\t<div class=\"e-con-inner\">\n\t\t<div class=\"elementor-element elementor-element-1c965531 e-con-full e-flex e-con e-child\" data-id=\"1c965531\" data-element_type=\"container\" data-e-type=\"container\">\n\t\t\t\t<div class=\"elementor-element elementor-element-1c7c69ba elementor-widget elementor-widget-heading\" data-id=\"1c7c69ba\" data-element_type=\"widget\" data-e-type=\"widget\" data-widget_type=\"heading.default\">\n\t\t\t\t<div class=\"elementor-widget-container\">\n\t\t\t\t\t<h2 class=\"elementor-heading-title elementor-size-default\">Location and working methods<\/h2>\t\t\t\t<\/div>\n\t\t\t\t<\/div>\n\t\t\t\t<div class=\"elementor-element elementor-element-1521cf8f elementor-widget elementor-widget-text-editor\" data-id=\"1521cf8f\" data-element_type=\"widget\" data-e-type=\"widget\" data-widget_type=\"text-editor.default\">\n\t\t\t\t<div class=\"elementor-widget-container\">\n\t\t\t\t\t\t\t\t\t<p>The position is based in Gothenburg, Sweden. We offer the possibility of partial remote work, but we value on-site collaboration and expect team members to be in the office a few days a week. <\/p>\n\t\t\t\t\t\t\t\t<\/div>\n\t\t\t\t<\/div>\n\t\t\t\t<\/div>\n\t\t<div class=\"elementor-element elementor-element-5ef2eeae e-con-full e-flex e-con e-child\" data-id=\"5ef2eeae\" data-element_type=\"container\" data-e-type=\"container\">\n\t\t\t\t<div class=\"elementor-element elementor-element-2bdbe7ea elementor-widget elementor-widget-heading\" data-id=\"2bdbe7ea\" data-element_type=\"widget\" data-e-type=\"widget\" data-widget_type=\"heading.default\">\n\t\t\t\t<div class=\"elementor-widget-container\">\n\t\t\t\t\t<h2 class=\"elementor-heading-title elementor-size-default\">What we offer<\/h2>\t\t\t\t<\/div>\n\t\t\t\t<\/div>\n\t\t\t\t<div class=\"elementor-element elementor-element-2f1a769a elementor-widget elementor-widget-text-editor\" data-id=\"2f1a769a\" data-element_type=\"widget\" data-e-type=\"widget\" data-widget_type=\"text-editor.default\">\n\t\t\t\t<div class=\"elementor-widget-container\">\n\t\t\t\t\t\t\t\t\t<ul>\n<li><strong>Pioneering Projects<\/strong>: Work on innovative projects using the latest technologies.<\/li>\n<li><strong>Development opportunities<\/strong>: Access to continuous learning and professional development.<\/li>\n<li><strong>Collaborative Environment<\/strong>: Be part of a team that values collaboration and knowledge sharing.<\/li>\n<li><strong>Competitive Benefits<\/strong>: Attractive salary and a comprehensive benefits package.<\/li>\n<\/ul>\n\t\t\t\t\t\t\t\t<\/div>\n\t\t\t\t<\/div>\n\t\t\t\t<\/div>\n\t\t\t\t\t<\/div>\n\t\t\t\t<\/div>\n\t\t<div class=\"elementor-element elementor-element-4eaeabbe e-flex e-con-boxed e-con e-parent\" data-id=\"4eaeabbe\" data-element_type=\"container\" data-e-type=\"container\">\n\t\t\t\t\t<div class=\"e-con-inner\">\n\t\t\t\t<div class=\"elementor-element elementor-element-10867e1 elementor-widget elementor-widget-heading\" data-id=\"10867e1\" data-element_type=\"widget\" data-e-type=\"widget\" data-widget_type=\"heading.default\">\n\t\t\t\t<div class=\"elementor-widget-container\">\n\t\t\t\t\t<h2 class=\"elementor-heading-title elementor-size-default\">Why Aixia?<\/h2>\t\t\t\t<\/div>\n\t\t\t\t<\/div>\n\t\t\t\t\t<\/div>\n\t\t\t\t<\/div>\n\t\t<div class=\"elementor-element elementor-element-1045c712 e-flex e-con-boxed e-con e-parent\" data-id=\"1045c712\" data-element_type=\"container\" data-e-type=\"container\">\n\t\t\t\t\t<div class=\"e-con-inner\">\n\t\t\t\t<div class=\"elementor-element elementor-element-6ea797c elementor-widget elementor-widget-text-editor\" data-id=\"6ea797c\" data-element_type=\"widget\" data-e-type=\"widget\" data-widget_type=\"text-editor.default\">\n\t\t\t\t<div class=\"elementor-widget-container\">\n\t\t\t\t\t\t\t\t\t<ul>\n<li><strong>The right attitude is key<\/strong>: We believe that with the right attitude, anything is possible. We value passion, curiosity and a willingness to learn more than perfect skills. <\/li>\n<li><strong>Innovative culture<\/strong>: Be part of a forward-thinking company that values innovation and creativity.<\/li>\n<li><strong>Meaningful work<\/strong>: Contribute to projects that have a real impact on businesses and industries.<\/li>\n<li><strong>Professional development<\/strong>: opportunities for continuous learning and career development.<\/li>\n<li><strong>Inclusive environment<\/strong>: Join a diverse team that promotes collaboration and mutual respect.<\/li>\n<\/ul>\n\t\t\t\t\t\t\t\t<\/div>\n\t\t\t\t<\/div>\n\t\t\t\t<div class=\"elementor-element elementor-element-2de9ce32 elementor-widget elementor-widget-aixia-left-text-card\" data-id=\"2de9ce32\" data-element_type=\"widget\" data-e-type=\"widget\" data-widget_type=\"aixia-left-text-card.default\">\n\t\t\t\t<div class=\"elementor-widget-container\">\n\t\t\t\t\t\n        <div class=\"section\">\n            <div class=\"inner\">\n                <div class=\"a-third-grid left-text-right-image\">\n                    <div  class=\"left-part\">\n                        <div class=\"top-text\">Vill du s\u00f6ka tj\u00e4nsten?<\/div>\n\t\t\t\t\t\t<div class=\"spacer-small\"><\/div>\n                        <h2 class=\"_40px\">Skicka ans\u00f6kan till rekrytering@aixia.se<\/h2>\n                        <div class=\"spacer-medium\"><\/div>\n                        <div><\/div>\n                        \n                    <\/div>\n                    <div class=\"overflow-hidden right-part\">\n                        <img decoding=\"async\" src=\"https:\/\/aixia.se\/wp-content\/uploads\/2024\/09\/2_1_Hero_.webp\" loading=\"lazy\" id=\"w-node-_2740c014-4365-e54d-58be-2e27145e7a0d-f114f042\" alt=\"\" class=\"fullwidth-image max-height-550\">\n                    <\/div>\n                <\/div>\n            <\/div>\n        <\/div>\n\n    \t\t\t\t<\/div>\n\t\t\t\t<\/div>\n\t\t\t\t\t<\/div>\n\t\t\t\t<\/div>\n\t\t\t\t<\/div>\n\t\t","protected":false},"excerpt":{"rendered":"<p>Home Testing and CI\/CD Engineer Vi s\u00f6ker en Test- och CI\/CD engineer som \u00e4r skicklig p\u00e5 att skapa automatiserade teststrategier och optimera pipelines f\u00f6r kontinuerlig integration och leverans. Den ideala [&hellip;]<\/p>\n","protected":false},"author":9,"featured_media":0,"parent":107351,"menu_order":0,"comment_status":"closed","ping_status":"closed","template":"","meta":{"_acf_changed":false,"inline_featured_image":false,"footnotes":""},"class_list":["post-116567","page","type-page","status-publish","hentry"],"acf":[],"aioseo_notices":[],"_links":{"self":[{"href":"https:\/\/aixia.se\/en\/wp-json\/wp\/v2\/pages\/116567","targetHints":{"allow":["GET"]}}],"collection":[{"href":"https:\/\/aixia.se\/en\/wp-json\/wp\/v2\/pages"}],"about":[{"href":"https:\/\/aixia.se\/en\/wp-json\/wp\/v2\/types\/page"}],"author":[{"embeddable":true,"href":"https:\/\/aixia.se\/en\/wp-json\/wp\/v2\/users\/9"}],"replies":[{"embeddable":true,"href":"https:\/\/aixia.se\/en\/wp-json\/wp\/v2\/comments?post=116567"}],"version-history":[{"count":1,"href":"https:\/\/aixia.se\/en\/wp-json\/wp\/v2\/pages\/116567\/revisions"}],"predecessor-version":[{"id":116569,"href":"https:\/\/aixia.se\/en\/wp-json\/wp\/v2\/pages\/116567\/revisions\/116569"}],"up":[{"embeddable":true,"href":"https:\/\/aixia.se\/en\/wp-json\/wp\/v2\/pages\/107351"}],"wp:attachment":[{"href":"https:\/\/aixia.se\/en\/wp-json\/wp\/v2\/media?parent=116567"}],"curies":[{"name":"wp","href":"https:\/\/api.w.org\/{rel}","templated":true}]}}