{"id":107421,"date":"2022-06-07T13:22:57","date_gmt":"2022-06-07T11:22:57","guid":{"rendered":"https:\/\/aixia.se\/careers\/specialist-salesperson-data-centre\/"},"modified":"2025-04-30T12:59:39","modified_gmt":"2025-04-30T10:59:39","slug":"specialist-salesperson-data-centre","status":"publish","type":"page","link":"https:\/\/aixia.se\/en\/careers\/specialist-salesperson-data-centre\/","title":{"rendered":"Specialist Salesperson Data Centre"},"content":{"rendered":"\t\t<div data-elementor-type=\"wp-page\" data-elementor-id=\"107421\" class=\"elementor elementor-107421 elementor-105892\" data-elementor-post-type=\"page\">\n\t\t\t\t<div class=\"elementor-element elementor-element-ce64e90 e-con-full e-flex e-con e-parent\" data-id=\"ce64e90\" data-element_type=\"container\" data-e-type=\"container\">\n\t\t\t\t<div class=\"elementor-element elementor-element-93e5f48 spacer-huge elementor-widget-divider--view-line elementor-widget elementor-widget-divider\" data-id=\"93e5f48\" data-element_type=\"widget\" data-e-type=\"widget\" data-widget_type=\"divider.default\">\n\t\t\t\t<div class=\"elementor-widget-container\">\n\t\t\t\t\t\t\t<div class=\"elementor-divider\">\n\t\t\t<span class=\"elementor-divider-separator\">\n\t\t\t\t\t\t<\/span>\n\t\t<\/div>\n\t\t\t\t\t\t<\/div>\n\t\t\t\t<\/div>\n\t\t\t\t<div class=\"elementor-element elementor-element-cb87f32 elementor-widget elementor-widget-aixia-breadcrumbs\" data-id=\"cb87f32\" data-element_type=\"widget\" data-e-type=\"widget\" data-widget_type=\"aixia-breadcrumbs.default\">\n\t\t\t\t<div class=\"elementor-widget-container\">\n\t\t\t\t\t<div class=\"section\"><div class=\"inner\"><div class=\"breadcrumb-outer\"><a href=\"https:\/\/aixia.se\/en\/\" class=\"first-crumb w-inline-block\"><div>Home<\/div><\/a><div class=\"separator\"> \\ <\/div><\/div><\/div><\/div>\t\t\t\t<\/div>\n\t\t\t\t<\/div>\n\t\t\t\t<div class=\"elementor-element elementor-element-4e3dee2 elementor-widget elementor-widget-aixia-hero-text\" data-id=\"4e3dee2\" data-element_type=\"widget\" data-e-type=\"widget\" data-widget_type=\"aixia-hero-text.default\">\n\t\t\t\t<div class=\"elementor-widget-container\">\n\t\t\t\t\t\r\n        <div class=\"section\">\r\n            <div class=\"inner\">\r\n                <div class=\"spacer-huge hide-mobile-portrait\"><\/div>\r\n                <div class=\"grid-third\">\r\n                    <div id=\"w-node-_71bac40f-03fe-56d7-2dba-da2ff2afed82-fe3b6cb5\">\r\n                        <h1 class=\"heading-style-h1\">S\u00e4ljexpert datacenter<\/h1>\r\n                    <\/div>\r\n                    <div id=\"w-node-_4e332629-9e6f-5f8c-d27d-f5c56ae23581-fe3b6cb5\">\r\n                        <div class=\"_20px _1-2\">\u00c4r du en ambiti\u00f6s och m\u00e5linriktad specialists\u00e4ljare som \u00e4lskar teknik i framkant? D\u00e5 \u00e4r du den vi s\u00f6ker.<\/div>\r\n                    <\/div>\r\n                <\/div>\r\n                <div class=\"spacer-huge\"><\/div>\r\n            <\/div>\r\n        <\/div>\r\n\r\n    \t\t\t\t<\/div>\n\t\t\t\t<\/div>\n\t\t\t\t<\/div>\n\t\t<div class=\"elementor-element elementor-element-035e0dd e-flex e-con-boxed e-con e-parent\" data-id=\"035e0dd\" data-element_type=\"container\" data-e-type=\"container\" data-settings=\"{&quot;background_background&quot;:&quot;classic&quot;}\">\n\t\t\t\t\t<div class=\"e-con-inner\">\n\t\t\t\t<div class=\"elementor-element elementor-element-0a811d5 spacer-xlarge elementor-widget-divider--view-line elementor-widget elementor-widget-divider\" data-id=\"0a811d5\" data-element_type=\"widget\" data-e-type=\"widget\" data-widget_type=\"divider.default\">\n\t\t\t\t<div class=\"elementor-widget-container\">\n\t\t\t\t\t\t\t<div class=\"elementor-divider\">\n\t\t\t<span class=\"elementor-divider-separator\">\n\t\t\t\t\t\t<\/span>\n\t\t<\/div>\n\t\t\t\t\t\t<\/div>\n\t\t\t\t<\/div>\n\t\t<div class=\"elementor-element elementor-element-972ebb3 e-grid e-con-boxed e-con e-child\" data-id=\"972ebb3\" data-element_type=\"container\" data-e-type=\"container\">\n\t\t\t\t\t<div class=\"e-con-inner\">\n\t\t<div class=\"elementor-element elementor-element-f62562d e-con-full e-flex e-con e-child\" data-id=\"f62562d\" data-element_type=\"container\" data-e-type=\"container\">\n\t\t\t\t<div class=\"elementor-element elementor-element-3da9b4b elementor-widget elementor-widget-heading\" data-id=\"3da9b4b\" data-element_type=\"widget\" data-e-type=\"widget\" data-widget_type=\"heading.default\">\n\t\t\t\t<div class=\"elementor-widget-container\">\n\t\t\t\t\t<p class=\"elementor-heading-title elementor-size-default\">\\ About the role\n<\/p>\t\t\t\t<\/div>\n\t\t\t\t<\/div>\n\t\t\t\t<div class=\"elementor-element elementor-element-6f35bb4 elementor-widget elementor-widget-heading\" data-id=\"6f35bb4\" data-element_type=\"widget\" data-e-type=\"widget\" data-widget_type=\"heading.default\">\n\t\t\t\t<div class=\"elementor-widget-container\">\n\t\t\t\t\t<h2 class=\"elementor-heading-title elementor-size-default\">What we look for in our future colleague<\/h2>\t\t\t\t<\/div>\n\t\t\t\t<\/div>\n\t\t\t\t<div class=\"elementor-element elementor-element-8b022db elementor-widget elementor-widget-text-editor\" data-id=\"8b022db\" data-element_type=\"widget\" data-e-type=\"widget\" data-widget_type=\"text-editor.default\">\n\t\t\t\t<div class=\"elementor-widget-container\">\n\t\t\t\t\t\t\t\t\t<p>As a Specialist Sales Representative at Aixia, you will be part of a winning team and a key player in the company&#8217;s continued growth strategy. You will work with a particular focus on selling our advanced Data Centre solutions offerings. In your work you will mainly work on new accounts but also on the development of some existing customers. You work together with Aixia operations consultants who provide you with proper technical support.<\/p><p> <\/p><p>You will be involved in creating and running marketing activities, be responsible for quotation and contract management linked to sales, have a close dialog with consultants at the customer, be responsible for account management throughout Aixia and be an ambassador for Aixia&#8217;s values.<\/p><p>\u200d<\/p><p><strong>To succeed, we would like you to:<br>\u200d<\/strong><\/p><ul role=\"list\"><li>We are looking for someone with at least five years of experience in service and product sales in the IT industry (B2B) with a special focus on data centres. You are a person who values long-term partnerships and is prepared to put in the time and commitment required to succeed.<\/li><li>You have a mind for business, relationships, structure and are goal-oriented with an interest in digitalisation. You are also a forward-thinking person with a humble attitude who enjoys working in a fast-changing environment. We believe that you have a strong commitment and drive to develop our customers&#8217; businesses using our solutions and services.<\/li><li>You have a proven track record in sales, are used to working with your own budget and sales targets and have good administrative skills.<\/li><li>It is an advantage if you have a post-secondary education related to IT or economics. It is a requirement that you speak Swedish fluently and have a very good knowledge of English, both spoken and written.<\/li><\/ul><p>\u200d<\/p><p>Aixia is a workplace characterized by high energy and an entrepreneurial spirit.<br>You can influence your role and have great development and training opportunities. You will be offered good earning opportunities with a fixed salary in line with the market, as well as a performance-based bonus and a well-being allowance. Welcome with your application! Selection and interviews will take place on an ongoing basis.<\/p>\t\t\t\t\t\t\t\t<\/div>\n\t\t\t\t<\/div>\n\t\t\t\t<\/div>\n\t\t\t\t\t<\/div>\n\t\t\t\t<\/div>\n\t\t\t\t<div class=\"elementor-element elementor-element-cd45925 spacer-xlarge elementor-widget-divider--view-line elementor-widget elementor-widget-divider\" data-id=\"cd45925\" data-element_type=\"widget\" data-e-type=\"widget\" data-widget_type=\"divider.default\">\n\t\t\t\t<div class=\"elementor-widget-container\">\n\t\t\t\t\t\t\t<div class=\"elementor-divider\">\n\t\t\t<span class=\"elementor-divider-separator\">\n\t\t\t\t\t\t<\/span>\n\t\t<\/div>\n\t\t\t\t\t\t<\/div>\n\t\t\t\t<\/div>\n\t\t\t\t\t<\/div>\n\t\t\t\t<\/div>\n\t\t<div class=\"elementor-element elementor-element-396e1bd e-flex e-con-boxed e-con e-parent\" data-id=\"396e1bd\" data-element_type=\"container\" data-e-type=\"container\">\n\t\t\t\t\t<div class=\"e-con-inner\">\n\t\t\t\t<div class=\"elementor-element elementor-element-72dbae5 elementor-widget elementor-widget-heading\" data-id=\"72dbae5\" data-element_type=\"widget\" data-e-type=\"widget\" data-widget_type=\"heading.default\">\n\t\t\t\t<div class=\"elementor-widget-container\">\n\t\t\t\t\t<h2 class=\"elementor-heading-title elementor-size-default\">Why Aixia?<\/h2>\t\t\t\t<\/div>\n\t\t\t\t<\/div>\n\t\t\t\t<div class=\"elementor-element elementor-element-9ed07dc elementor-widget elementor-widget-text-editor\" data-id=\"9ed07dc\" data-element_type=\"widget\" data-e-type=\"widget\" data-widget_type=\"text-editor.default\">\n\t\t\t\t<div class=\"elementor-widget-container\">\n\t\t\t\t\t\t\t\t\t<ul><li><strong>The right attitude is key:<\/strong> We believe that with the right attitude, anything is possible. We value passion, curiosity and a willingness to learn more than perfect skills. <\/li><li><strong>Innovative culture:<\/strong> Be part of a forward-thinking company that values innovation and creativity.<\/li><li><strong>Meaningful work:<\/strong> Contribute to projects that have a real impact on businesses and industries.<\/li><li><strong>Professional development:<\/strong> opportunities for continuous learning and career development.<\/li><li><strong>Inclusive environment:<\/strong> Join a diverse team that promotes collaboration and mutual respect.<\/li><\/ul>\t\t\t\t\t\t\t\t<\/div>\n\t\t\t\t<\/div>\n\t\t\t\t<div class=\"elementor-element elementor-element-370d424 elementor-widget elementor-widget-aixia-left-text-card\" data-id=\"370d424\" data-element_type=\"widget\" data-e-type=\"widget\" data-widget_type=\"aixia-left-text-card.default\">\n\t\t\t\t<div class=\"elementor-widget-container\">\n\t\t\t\t\t\n        <div class=\"section\">\n            <div class=\"inner\">\n                <div class=\"a-third-grid left-text-right-image\">\n                    <div  class=\"left-part\">\n                        <div class=\"top-text\">Vill du s\u00f6ka tj\u00e4nsten?<\/div>\n\t\t\t\t\t\t<div class=\"spacer-small\"><\/div>\n                        <h2 class=\"_40px\"> Skicka ans\u00f6kan till rekrytering@aixia.se<\/h2>\n                        <div class=\"spacer-medium\"><\/div>\n                        <div><\/div>\n                        \n                    <\/div>\n                    <div class=\"overflow-hidden right-part\">\n                        <img decoding=\"async\" src=\"https:\/\/aixia.se\/wp-content\/uploads\/2024\/09\/2_1_Hero_.webp\" loading=\"lazy\" id=\"w-node-_2740c014-4365-e54d-58be-2e27145e7a0d-f114f042\" alt=\"\" class=\"fullwidth-image max-height-550\">\n                    <\/div>\n                <\/div>\n            <\/div>\n        <\/div>\n\n    \t\t\t\t<\/div>\n\t\t\t\t<\/div>\n\t\t\t\t\t<\/div>\n\t\t\t\t<\/div>\n\t\t<div class=\"elementor-element elementor-element-e146f99 e-flex e-con-boxed e-con e-parent\" data-id=\"e146f99\" data-element_type=\"container\" data-e-type=\"container\">\n\t\t\t\t\t<div class=\"e-con-inner\">\n\t\t\t\t\t<\/div>\n\t\t\t\t<\/div>\n\t\t\t\t<\/div>\n\t\t","protected":false},"excerpt":{"rendered":"<p>About the role What we look for in our future colleague As a Specialist Sales Representative at Aixia, you will be part of a winning team and a key player [&hellip;]<\/p>\n","protected":false},"author":10,"featured_media":0,"parent":107351,"menu_order":0,"comment_status":"closed","ping_status":"closed","template":"","meta":{"_acf_changed":false,"inline_featured_image":false,"footnotes":""},"class_list":["post-107421","page","type-page","status-publish","hentry"],"acf":[],"aioseo_notices":[],"_links":{"self":[{"href":"https:\/\/aixia.se\/en\/wp-json\/wp\/v2\/pages\/107421","targetHints":{"allow":["GET"]}}],"collection":[{"href":"https:\/\/aixia.se\/en\/wp-json\/wp\/v2\/pages"}],"about":[{"href":"https:\/\/aixia.se\/en\/wp-json\/wp\/v2\/types\/page"}],"author":[{"embeddable":true,"href":"https:\/\/aixia.se\/en\/wp-json\/wp\/v2\/users\/10"}],"replies":[{"embeddable":true,"href":"https:\/\/aixia.se\/en\/wp-json\/wp\/v2\/comments?post=107421"}],"version-history":[{"count":718,"href":"https:\/\/aixia.se\/en\/wp-json\/wp\/v2\/pages\/107421\/revisions"}],"predecessor-version":[{"id":118650,"href":"https:\/\/aixia.se\/en\/wp-json\/wp\/v2\/pages\/107421\/revisions\/118650"}],"up":[{"embeddable":true,"href":"https:\/\/aixia.se\/en\/wp-json\/wp\/v2\/pages\/107351"}],"wp:attachment":[{"href":"https:\/\/aixia.se\/en\/wp-json\/wp\/v2\/media?parent=107421"}],"curies":[{"name":"wp","href":"https:\/\/api.w.org\/{rel}","templated":true}]}}